{"id":398,"date":"2022-09-13T10:26:42","date_gmt":"2022-09-13T10:26:42","guid":{"rendered":"https:\/\/hvflorianopolis.com.br\/home\/?post_type=product&#038;p=398"},"modified":"2025-02-17T17:13:34","modified_gmt":"2025-02-17T20:13:34","slug":"shampoo-cortishamp","status":"publish","type":"product","link":"https:\/\/hvflorianopolis.com.br\/home\/produto\/shampoo-cortishamp\/","title":{"rendered":"Shampoo Cortishamp"},"content":{"rendered":"","protected":false},"excerpt":{"rendered":"<p>O <strong data-start=\"46\" data-end=\"70\">Cortishamp Dr. Clean<\/strong> \u00e9 um shampoo terap\u00eautico especialmente formulado para c\u00e3es e gatos, proporcionando al\u00edvio imediato da coceira e inflama\u00e7\u00e3o associadas a dermatoses sens\u00edveis a corticosteroides. Ideal como terapia auxiliar em casos de dermatites al\u00e9rgicas, sua f\u00f3rmula avan\u00e7ada cont\u00e9m queratina hidrolisada para proteger e revitalizar a pele e pelagem dos pets.<\/p>\n","protected":false},"featured_media":748,"comment_status":"open","ping_status":"closed","template":"","meta":[],"product_brand":[],"product_cat":[291],"product_tag":[354,351,357,359,360,356,358,352,353,355],"class_list":{"0":"post-398","1":"product","2":"type-product","3":"status-publish","4":"has-post-thumbnail","6":"product_cat-higiene-e-limpeza","7":"product_tag-alivio-de-coceira-em-pets","8":"product_tag-cortishamp-dr-clean","9":"product_tag-cuidado-da-pele-de-caes-e-gatos","10":"product_tag-queratina-hidrolisada-para-animais","11":"product_tag-saude-da-pele-de-caes-e-gatos","12":"product_tag-shampoo-com-hidrocortisona-para-pets","13":"product_tag-shampoo-para-dermatite-alergica-em-pets","14":"product_tag-shampoo-terapeutico-para-caes","15":"product_tag-shampoo-terapeutico-para-gatos","16":"product_tag-tratamento-de-dermatoses-em-animais","18":"first","19":"instock","20":"shipping-taxable","21":"purchasable","22":"product-type-variable"},"_links":{"self":[{"href":"https:\/\/hvflorianopolis.com.br\/home\/wp-json\/wp\/v2\/product\/398","targetHints":{"allow":["GET"]}}],"collection":[{"href":"https:\/\/hvflorianopolis.com.br\/home\/wp-json\/wp\/v2\/product"}],"about":[{"href":"https:\/\/hvflorianopolis.com.br\/home\/wp-json\/wp\/v2\/types\/product"}],"replies":[{"embeddable":true,"href":"https:\/\/hvflorianopolis.com.br\/home\/wp-json\/wp\/v2\/comments?post=398"}],"wp:featuredmedia":[{"embeddable":true,"href":"https:\/\/hvflorianopolis.com.br\/home\/wp-json\/wp\/v2\/media\/748"}],"wp:attachment":[{"href":"https:\/\/hvflorianopolis.com.br\/home\/wp-json\/wp\/v2\/media?parent=398"}],"wp:term":[{"taxonomy":"product_brand","embeddable":true,"href":"https:\/\/hvflorianopolis.com.br\/home\/wp-json\/wp\/v2\/product_brand?post=398"},{"taxonomy":"product_cat","embeddable":true,"href":"https:\/\/hvflorianopolis.com.br\/home\/wp-json\/wp\/v2\/product_cat?post=398"},{"taxonomy":"product_tag","embeddable":true,"href":"https:\/\/hvflorianopolis.com.br\/home\/wp-json\/wp\/v2\/product_tag?post=398"}],"curies":[{"name":"wp","href":"https:\/\/api.w.org\/{rel}","templated":true}]}}