{"id":403,"date":"2022-09-13T10:36:51","date_gmt":"2022-09-13T10:36:51","guid":{"rendered":"https:\/\/hvflorianopolis.com.br\/home\/?post_type=product&#038;p=403"},"modified":"2025-07-08T11:18:26","modified_gmt":"2025-07-08T14:18:26","slug":"limpador-auricular-dermogen-oto","status":"publish","type":"product","link":"https:\/\/hvflorianopolis.com.br\/home\/produto\/limpador-auricular-dermogen-oto\/","title":{"rendered":"Limpador Auricular Dermogen Oto"},"content":{"rendered":"","protected":false},"excerpt":{"rendered":"<p>Dermogen Oto \u00e9 a solu\u00e7\u00e3o ideal para manter as orelhas do seu pet limpas e saud\u00e1veis. Com uma f\u00f3rmula enriquecida com Alanto\u00edna e Aloe Vera, garante uma aplica\u00e7\u00e3o f\u00e1cil e eficaz para c\u00e3es e gatos.<\/p>\n","protected":false},"featured_media":744,"comment_status":"open","ping_status":"closed","template":"","meta":[],"product_brand":[],"product_cat":[291],"product_tag":[343,345,339,349,348,340,341,347,344,342,346],"class_list":{"0":"post-403","1":"product","2":"type-product","3":"status-publish","4":"has-post-thumbnail","6":"product_cat-higiene-e-limpeza","7":"product_tag-alantoina-e-aloe-vera-para-pets","8":"product_tag-cuidado-auricular-felino","9":"product_tag-dermogen-oto","10":"product_tag-dermogen-oto-100ml","11":"product_tag-higiene-auricular-para-animais","12":"product_tag-limpeza-de-orelhas-para-caes","13":"product_tag-limpeza-de-orelhas-para-gatos","14":"product_tag-produto-atoxico-para-orelhas-de-pets","15":"product_tag-saude-auricular-canina","16":"product_tag-shampoo-auricular-pet","17":"product_tag-solucao-para-limpeza-de-orelhas","19":"first","20":"instock","21":"shipping-taxable","22":"purchasable","23":"product-type-variable"},"_links":{"self":[{"href":"https:\/\/hvflorianopolis.com.br\/home\/wp-json\/wp\/v2\/product\/403","targetHints":{"allow":["GET"]}}],"collection":[{"href":"https:\/\/hvflorianopolis.com.br\/home\/wp-json\/wp\/v2\/product"}],"about":[{"href":"https:\/\/hvflorianopolis.com.br\/home\/wp-json\/wp\/v2\/types\/product"}],"replies":[{"embeddable":true,"href":"https:\/\/hvflorianopolis.com.br\/home\/wp-json\/wp\/v2\/comments?post=403"}],"wp:featuredmedia":[{"embeddable":true,"href":"https:\/\/hvflorianopolis.com.br\/home\/wp-json\/wp\/v2\/media\/744"}],"wp:attachment":[{"href":"https:\/\/hvflorianopolis.com.br\/home\/wp-json\/wp\/v2\/media?parent=403"}],"wp:term":[{"taxonomy":"product_brand","embeddable":true,"href":"https:\/\/hvflorianopolis.com.br\/home\/wp-json\/wp\/v2\/product_brand?post=403"},{"taxonomy":"product_cat","embeddable":true,"href":"https:\/\/hvflorianopolis.com.br\/home\/wp-json\/wp\/v2\/product_cat?post=403"},{"taxonomy":"product_tag","embeddable":true,"href":"https:\/\/hvflorianopolis.com.br\/home\/wp-json\/wp\/v2\/product_tag?post=403"}],"curies":[{"name":"wp","href":"https:\/\/api.w.org\/{rel}","templated":true}]}}