{"id":419,"date":"2022-09-13T11:45:31","date_gmt":"2022-09-13T11:45:31","guid":{"rendered":"https:\/\/hvflorianopolis.com.br\/home\/?post_type=product&#038;p=419"},"modified":"2025-01-30T14:36:44","modified_gmt":"2025-01-30T17:36:44","slug":"granulado-higienico-de-madeira-para-gatos","status":"publish","type":"product","link":"https:\/\/hvflorianopolis.com.br\/home\/produto\/granulado-higienico-de-madeira-para-gatos\/","title":{"rendered":"Granulado Higi\u00eanico de Madeira para Gatos"},"content":{"rendered":"","protected":false},"excerpt":{"rendered":"<p>O Granulado Higi\u00eanico de Madeira para Gatos \u00e9 um produto natural, biodegrad\u00e1vel e at\u00f3xico, projetado para oferecer seguran\u00e7a, conforto e praticidade no cuidado com seu pet.<\/p>\n","protected":false},"featured_media":732,"comment_status":"open","ping_status":"closed","template":"","meta":[],"product_brand":[],"product_cat":[291],"product_tag":[304,303,300,301,297,305,296,302,298,299],"class_list":{"0":"post-419","1":"product","2":"type-product","3":"status-publish","4":"has-post-thumbnail","6":"product_cat-higiene-e-limpeza","7":"product_tag-areia-biodegradavel-para-gatos","8":"product_tag-cuidados-com-a-saude-do-pet","9":"product_tag-eliminador-de-odores-para-pets","10":"product_tag-granulado-atoxico-para-gatos","11":"product_tag-granulado-biodegradavel-para-gatos","12":"product_tag-granulado-com-alta-absorcao","13":"product_tag-granulado-higienico-de-madeira","14":"product_tag-higiene-ecologica-para-gatos","15":"product_tag-higiene-sustentavel-para-pets","16":"product_tag-produto-natural-para-gatos","18":"first","19":"instock","20":"shipping-taxable","21":"purchasable","22":"product-type-variable"},"_links":{"self":[{"href":"https:\/\/hvflorianopolis.com.br\/home\/wp-json\/wp\/v2\/product\/419","targetHints":{"allow":["GET"]}}],"collection":[{"href":"https:\/\/hvflorianopolis.com.br\/home\/wp-json\/wp\/v2\/product"}],"about":[{"href":"https:\/\/hvflorianopolis.com.br\/home\/wp-json\/wp\/v2\/types\/product"}],"replies":[{"embeddable":true,"href":"https:\/\/hvflorianopolis.com.br\/home\/wp-json\/wp\/v2\/comments?post=419"}],"wp:featuredmedia":[{"embeddable":true,"href":"https:\/\/hvflorianopolis.com.br\/home\/wp-json\/wp\/v2\/media\/732"}],"wp:attachment":[{"href":"https:\/\/hvflorianopolis.com.br\/home\/wp-json\/wp\/v2\/media?parent=419"}],"wp:term":[{"taxonomy":"product_brand","embeddable":true,"href":"https:\/\/hvflorianopolis.com.br\/home\/wp-json\/wp\/v2\/product_brand?post=419"},{"taxonomy":"product_cat","embeddable":true,"href":"https:\/\/hvflorianopolis.com.br\/home\/wp-json\/wp\/v2\/product_cat?post=419"},{"taxonomy":"product_tag","embeddable":true,"href":"https:\/\/hvflorianopolis.com.br\/home\/wp-json\/wp\/v2\/product_tag?post=419"}],"curies":[{"name":"wp","href":"https:\/\/api.w.org\/{rel}","templated":true}]}}