{"id":427,"date":"2022-09-13T12:00:05","date_gmt":"2022-09-13T12:00:05","guid":{"rendered":"https:\/\/hvflorianopolis.com.br\/home\/?post_type=product&#038;p=427"},"modified":"2025-01-30T15:25:10","modified_gmt":"2025-01-30T18:25:10","slug":"areia-higienica-dbest-tradicional","status":"publish","type":"product","link":"https:\/\/hvflorianopolis.com.br\/home\/produto\/areia-higienica-dbest-tradicional\/","title":{"rendered":"Areia Higi\u00eanica Dbest Tradicional"},"content":{"rendered":"","protected":false},"excerpt":{"rendered":"<p>A Areia Higi\u00eanica Dbest Tradicional \u00e9 a escolha ideal para manter a higiene do seu gato e a limpeza da sua casa. Com formula\u00e7\u00e3o especial \u00e0 base de Dolomita, absorve l\u00edquidos rapidamente, formando torr\u00f5es firmes que facilitam a remo\u00e7\u00e3o. Al\u00e9m disso, neutraliza odores e \u00e9 ecologicamente correta.<\/p>\n<p>\u2714\ufe0f Forma torr\u00f5es firmes e f\u00e1ceis de retirar<br \/>\n\u2714\ufe0f Alto poder de absor\u00e7\u00e3o, mantendo a bandeja seca<br \/>\n\u2714\ufe0f Neutraliza odores desagrad\u00e1veis<br \/>\n\u2714\ufe0f Produto biodegrad\u00e1vel e seguro para o meio ambiente<\/p>\n","protected":false},"featured_media":737,"comment_status":"open","ping_status":"closed","template":"","meta":[],"product_brand":[],"product_cat":[291],"product_tag":[304,321,309,324,318,320,319,312,322,307,323,308],"class_list":{"0":"post-427","1":"product","2":"type-product","3":"status-publish","4":"has-post-thumbnail","6":"product_cat-higiene-e-limpeza","7":"product_tag-areia-biodegradavel-para-gatos","8":"product_tag-areia-de-alta-absorcao","9":"product_tag-areia-higienica-para-gatos","10":"product_tag-areia-para-gatos-atoxica","11":"product_tag-areia-para-gatos-ecologica","12":"product_tag-areia-para-gatos-premium","13":"product_tag-areia-para-gatos-que-elimina-odores","14":"product_tag-areia-para-gatos-que-forma-torrao","15":"product_tag-areia-que-nao-deixa-cheiro","16":"product_tag-areia-sanitaria-para-gatos","17":"product_tag-caixa-de-areia-para-gatos","18":"product_tag-melhor-areia-para-gatos","20":"first","21":"instock","22":"shipping-taxable","23":"purchasable","24":"product-type-variable","25":"has-default-attributes"},"_links":{"self":[{"href":"https:\/\/hvflorianopolis.com.br\/home\/wp-json\/wp\/v2\/product\/427","targetHints":{"allow":["GET"]}}],"collection":[{"href":"https:\/\/hvflorianopolis.com.br\/home\/wp-json\/wp\/v2\/product"}],"about":[{"href":"https:\/\/hvflorianopolis.com.br\/home\/wp-json\/wp\/v2\/types\/product"}],"replies":[{"embeddable":true,"href":"https:\/\/hvflorianopolis.com.br\/home\/wp-json\/wp\/v2\/comments?post=427"}],"wp:featuredmedia":[{"embeddable":true,"href":"https:\/\/hvflorianopolis.com.br\/home\/wp-json\/wp\/v2\/media\/737"}],"wp:attachment":[{"href":"https:\/\/hvflorianopolis.com.br\/home\/wp-json\/wp\/v2\/media?parent=427"}],"wp:term":[{"taxonomy":"product_brand","embeddable":true,"href":"https:\/\/hvflorianopolis.com.br\/home\/wp-json\/wp\/v2\/product_brand?post=427"},{"taxonomy":"product_cat","embeddable":true,"href":"https:\/\/hvflorianopolis.com.br\/home\/wp-json\/wp\/v2\/product_cat?post=427"},{"taxonomy":"product_tag","embeddable":true,"href":"https:\/\/hvflorianopolis.com.br\/home\/wp-json\/wp\/v2\/product_tag?post=427"}],"curies":[{"name":"wp","href":"https:\/\/api.w.org\/{rel}","templated":true}]}}