{"id":437,"date":"2022-09-13T12:51:11","date_gmt":"2022-09-13T12:51:11","guid":{"rendered":"https:\/\/hvflorianopolis.com.br\/home\/?post_type=product&#038;p=437"},"modified":"2025-01-30T18:00:31","modified_gmt":"2025-01-30T18:00:31","slug":"areia-sanitaria-alfapet-kets-para-gatos","status":"publish","type":"product","link":"https:\/\/hvflorianopolis.com.br\/home\/produto\/areia-sanitaria-alfapet-kets-para-gatos\/","title":{"rendered":"Areia Sanit\u00e1ria Alfapet Kets para Gatos"},"content":{"rendered":"","protected":false},"excerpt":{"rendered":"<p>A <strong>Areia Sanit\u00e1ria Alfapet Kets para Gatos<\/strong> \u00e9 <strong>100% natural, at\u00f3xica e biodegrad\u00e1vel<\/strong>, oferecendo um <strong>alto poder de absor\u00e7\u00e3o<\/strong> e <strong>neutraliza\u00e7\u00e3o de odores<\/strong>. Com <strong>granulometria tradicional<\/strong>, forma <strong>torr\u00f5es firmes<\/strong>, facilitando a limpeza da <strong>caixa de areia<\/strong> do seu pet e garantindo um ambiente higi\u00eanico e livre de odores.<\/p>\n<p>\ud83d\udd39 <strong>Alta absor\u00e7\u00e3o<\/strong> | \ud83d\udd39 <strong>Forma torr\u00f5es firmes<\/strong> | \ud83d\udd39 <strong>Elimina odores rapidamente<\/strong><\/p>\n","protected":false},"featured_media":734,"comment_status":"open","ping_status":"closed","template":"","meta":[],"product_brand":[],"product_cat":[291],"product_tag":[311,314,309,310,313,312,307,308],"class_list":{"0":"post-437","1":"product","2":"type-product","3":"status-publish","4":"has-post-thumbnail","6":"product_cat-higiene-e-limpeza","7":"product_tag-areia-atoxica-para-gatos","8":"product_tag-areia-de-alta-absorcao-para-gatos","9":"product_tag-areia-higienica-para-gatos","10":"product_tag-areia-para-gatos-biodegradavel","11":"product_tag-areia-para-gatos-que-elimina-odor","12":"product_tag-areia-para-gatos-que-forma-torrao","13":"product_tag-areia-sanitaria-para-gatos","14":"product_tag-melhor-areia-para-gatos","16":"first","17":"instock","18":"shipping-taxable","19":"purchasable","20":"product-type-variable"},"_links":{"self":[{"href":"https:\/\/hvflorianopolis.com.br\/home\/wp-json\/wp\/v2\/product\/437","targetHints":{"allow":["GET"]}}],"collection":[{"href":"https:\/\/hvflorianopolis.com.br\/home\/wp-json\/wp\/v2\/product"}],"about":[{"href":"https:\/\/hvflorianopolis.com.br\/home\/wp-json\/wp\/v2\/types\/product"}],"replies":[{"embeddable":true,"href":"https:\/\/hvflorianopolis.com.br\/home\/wp-json\/wp\/v2\/comments?post=437"}],"wp:featuredmedia":[{"embeddable":true,"href":"https:\/\/hvflorianopolis.com.br\/home\/wp-json\/wp\/v2\/media\/734"}],"wp:attachment":[{"href":"https:\/\/hvflorianopolis.com.br\/home\/wp-json\/wp\/v2\/media?parent=437"}],"wp:term":[{"taxonomy":"product_brand","embeddable":true,"href":"https:\/\/hvflorianopolis.com.br\/home\/wp-json\/wp\/v2\/product_brand?post=437"},{"taxonomy":"product_cat","embeddable":true,"href":"https:\/\/hvflorianopolis.com.br\/home\/wp-json\/wp\/v2\/product_cat?post=437"},{"taxonomy":"product_tag","embeddable":true,"href":"https:\/\/hvflorianopolis.com.br\/home\/wp-json\/wp\/v2\/product_tag?post=437"}],"curies":[{"name":"wp","href":"https:\/\/api.w.org\/{rel}","templated":true}]}}