{"id":640,"date":"2024-12-03T19:48:25","date_gmt":"2024-12-03T22:48:25","guid":{"rendered":"https:\/\/hvflorianopolis.com.br\/home\/?post_type=product&#038;p=640"},"modified":"2025-01-28T10:26:43","modified_gmt":"2025-01-28T13:26:43","slug":"veado-de-pelucia-petcute","status":"publish","type":"product","link":"https:\/\/hvflorianopolis.com.br\/home\/produto\/veado-de-pelucia-petcute\/","title":{"rendered":"Veado de Pel\u00facia PetCute"},"content":{"rendered":"","protected":false},"excerpt":{"rendered":"<p>Proporcione momentos de pura divers\u00e3o e bem-estar ao seu pet com este brinquedo de pel\u00facia criativo e funcional.<\/p>\n<p>Fabricado em material macio e resistente, ajuda a aliviar o estresse, garantindo a alegria e a sa\u00fade mental do seu animal.<\/p>\n","protected":false},"featured_media":646,"comment_status":"open","ping_status":"closed","template":"","meta":[],"product_brand":[],"product_cat":[290],"product_tag":[189,190,188,191],"class_list":{"0":"post-640","1":"product","2":"type-product","3":"status-publish","4":"has-post-thumbnail","6":"product_cat-brinquedos","7":"product_tag-alivio-de-estresse-animal","8":"product_tag-brinquedo-com-som-para-caes-e-gatos","9":"product_tag-brinquedo-de-pelucia-para-pets","10":"product_tag-pelucia-resistente-para-pets","12":"first","13":"instock","14":"shipping-taxable","15":"purchasable","16":"product-type-simple"},"_links":{"self":[{"href":"https:\/\/hvflorianopolis.com.br\/home\/wp-json\/wp\/v2\/product\/640","targetHints":{"allow":["GET"]}}],"collection":[{"href":"https:\/\/hvflorianopolis.com.br\/home\/wp-json\/wp\/v2\/product"}],"about":[{"href":"https:\/\/hvflorianopolis.com.br\/home\/wp-json\/wp\/v2\/types\/product"}],"replies":[{"embeddable":true,"href":"https:\/\/hvflorianopolis.com.br\/home\/wp-json\/wp\/v2\/comments?post=640"}],"wp:featuredmedia":[{"embeddable":true,"href":"https:\/\/hvflorianopolis.com.br\/home\/wp-json\/wp\/v2\/media\/646"}],"wp:attachment":[{"href":"https:\/\/hvflorianopolis.com.br\/home\/wp-json\/wp\/v2\/media?parent=640"}],"wp:term":[{"taxonomy":"product_brand","embeddable":true,"href":"https:\/\/hvflorianopolis.com.br\/home\/wp-json\/wp\/v2\/product_brand?post=640"},{"taxonomy":"product_cat","embeddable":true,"href":"https:\/\/hvflorianopolis.com.br\/home\/wp-json\/wp\/v2\/product_cat?post=640"},{"taxonomy":"product_tag","embeddable":true,"href":"https:\/\/hvflorianopolis.com.br\/home\/wp-json\/wp\/v2\/product_tag?post=640"}],"curies":[{"name":"wp","href":"https:\/\/api.w.org\/{rel}","templated":true}]}}