{"id":649,"date":"2024-12-03T20:15:37","date_gmt":"2024-12-03T23:15:37","guid":{"rendered":"https:\/\/hvflorianopolis.com.br\/home\/?post_type=product&#038;p=649"},"modified":"2025-01-28T10:25:01","modified_gmt":"2025-01-28T13:25:01","slug":"urso-de-pelucia-chalesco","status":"publish","type":"product","link":"https:\/\/hvflorianopolis.com.br\/home\/produto\/urso-de-pelucia-chalesco\/","title":{"rendered":"Urso de Pel\u00facia Chalesco"},"content":{"rendered":"","protected":false},"excerpt":{"rendered":"<p>Proporcione momentos de divers\u00e3o e conforto ao seu c\u00e3o com o <strong>Brinquedo de Pel\u00facia em formato de Ursinho<\/strong>. Macio, resistente e super atrativo, ele \u00e9 ideal para estimular a intera\u00e7\u00e3o e garantir a alegria do seu pet.<\/p>\n","protected":false},"featured_media":647,"comment_status":"open","ping_status":"closed","template":"","meta":[],"product_brand":[],"product_cat":[290],"product_tag":[198,197,192,193,194,195,199,196],"class_list":{"0":"post-649","1":"product","2":"type-product","3":"status-publish","4":"has-post-thumbnail","6":"product_cat-brinquedos","7":"product_tag-alivio-de-estresse-para-caes","8":"product_tag-brinquedo-chalesco-azul","9":"product_tag-brinquedo-de-pelucia-para-caes","10":"product_tag-brinquedo-para-caes-formato-de-ursinho","11":"product_tag-brinquedo-resistente-para-pets","12":"product_tag-diversao-para-caes","13":"product_tag-interacao-com-pets","14":"product_tag-pelucia-para-cachorro","16":"first","17":"instock","18":"shipping-taxable","19":"purchasable","20":"product-type-simple"},"_links":{"self":[{"href":"https:\/\/hvflorianopolis.com.br\/home\/wp-json\/wp\/v2\/product\/649","targetHints":{"allow":["GET"]}}],"collection":[{"href":"https:\/\/hvflorianopolis.com.br\/home\/wp-json\/wp\/v2\/product"}],"about":[{"href":"https:\/\/hvflorianopolis.com.br\/home\/wp-json\/wp\/v2\/types\/product"}],"replies":[{"embeddable":true,"href":"https:\/\/hvflorianopolis.com.br\/home\/wp-json\/wp\/v2\/comments?post=649"}],"wp:featuredmedia":[{"embeddable":true,"href":"https:\/\/hvflorianopolis.com.br\/home\/wp-json\/wp\/v2\/media\/647"}],"wp:attachment":[{"href":"https:\/\/hvflorianopolis.com.br\/home\/wp-json\/wp\/v2\/media?parent=649"}],"wp:term":[{"taxonomy":"product_brand","embeddable":true,"href":"https:\/\/hvflorianopolis.com.br\/home\/wp-json\/wp\/v2\/product_brand?post=649"},{"taxonomy":"product_cat","embeddable":true,"href":"https:\/\/hvflorianopolis.com.br\/home\/wp-json\/wp\/v2\/product_cat?post=649"},{"taxonomy":"product_tag","embeddable":true,"href":"https:\/\/hvflorianopolis.com.br\/home\/wp-json\/wp\/v2\/product_tag?post=649"}],"curies":[{"name":"wp","href":"https:\/\/api.w.org\/{rel}","templated":true}]}}