{"id":686,"date":"2024-12-18T20:24:17","date_gmt":"2024-12-18T23:24:17","guid":{"rendered":"https:\/\/hvflorianopolis.com.br\/home\/?post_type=product&#038;p=686"},"modified":"2025-01-28T10:20:51","modified_gmt":"2025-01-28T13:20:51","slug":"esquilo-de-pelucia-petcute","status":"publish","type":"product","link":"https:\/\/hvflorianopolis.com.br\/home\/produto\/esquilo-de-pelucia-petcute\/","title":{"rendered":"Esquilo de Pel\u00facia PetCute"},"content":{"rendered":"","protected":false},"excerpt":{"rendered":"<p>O <strong>Esquilo de Pel\u00facia PetCute<\/strong> \u00e9 o brinquedo ideal para c\u00e3es e gatos! Macio, colorido e com som divertido, \u00e9 perfeito para brincadeiras interativas que aliviam o estresse e estimulam o seu pet.<\/p>\n","protected":false},"featured_media":690,"comment_status":"open","ping_status":"closed","template":"","meta":[],"product_brand":[],"product_cat":[290],"product_tag":[237,241,236,222,234,239,233,240,238,235],"class_list":{"0":"post-686","1":"product","2":"type-product","3":"status-publish","4":"has-post-thumbnail","6":"product_cat-brinquedos","7":"product_tag-brinquedo-antistress-para-caes","8":"product_tag-brinquedo-estimulante-para-pets","9":"product_tag-brinquedo-interativo-para-pets","10":"product_tag-brinquedo-seguro-para-pets","11":"product_tag-brinquedo-sonoro-para-caes","12":"product_tag-diversao-para-caes-e-gatos","13":"product_tag-esquilo-de-pelucia-para-pets","14":"product_tag-esquilo-de-pelucia-petcute","15":"product_tag-pelucia-com-som-para-pets","16":"product_tag-pelucia-macia-para-gatos","18":"first","19":"instock","20":"shipping-taxable","21":"purchasable","22":"product-type-variable"},"_links":{"self":[{"href":"https:\/\/hvflorianopolis.com.br\/home\/wp-json\/wp\/v2\/product\/686","targetHints":{"allow":["GET"]}}],"collection":[{"href":"https:\/\/hvflorianopolis.com.br\/home\/wp-json\/wp\/v2\/product"}],"about":[{"href":"https:\/\/hvflorianopolis.com.br\/home\/wp-json\/wp\/v2\/types\/product"}],"replies":[{"embeddable":true,"href":"https:\/\/hvflorianopolis.com.br\/home\/wp-json\/wp\/v2\/comments?post=686"}],"wp:featuredmedia":[{"embeddable":true,"href":"https:\/\/hvflorianopolis.com.br\/home\/wp-json\/wp\/v2\/media\/690"}],"wp:attachment":[{"href":"https:\/\/hvflorianopolis.com.br\/home\/wp-json\/wp\/v2\/media?parent=686"}],"wp:term":[{"taxonomy":"product_brand","embeddable":true,"href":"https:\/\/hvflorianopolis.com.br\/home\/wp-json\/wp\/v2\/product_brand?post=686"},{"taxonomy":"product_cat","embeddable":true,"href":"https:\/\/hvflorianopolis.com.br\/home\/wp-json\/wp\/v2\/product_cat?post=686"},{"taxonomy":"product_tag","embeddable":true,"href":"https:\/\/hvflorianopolis.com.br\/home\/wp-json\/wp\/v2\/product_tag?post=686"}],"curies":[{"name":"wp","href":"https:\/\/api.w.org\/{rel}","templated":true}]}}