{"id":692,"date":"2024-12-18T21:55:12","date_gmt":"2024-12-19T00:55:12","guid":{"rendered":"https:\/\/hvflorianopolis.com.br\/home\/?post_type=product&#038;p=692"},"modified":"2025-01-28T10:20:03","modified_gmt":"2025-01-28T13:20:03","slug":"guaxinim-de-pelucia-petcute","status":"publish","type":"product","link":"https:\/\/hvflorianopolis.com.br\/home\/produto\/guaxinim-de-pelucia-petcute\/","title":{"rendered":"Guaxinim de Pel\u00facia Petcute"},"content":{"rendered":"","protected":false},"excerpt":{"rendered":"<p>O <strong>Guaxinim de Pel\u00facia com Som<\/strong> \u00e9 o brinquedo perfeito para animar e fazer companhia ao seu c\u00e3o. Resistente e divertido, emite som ao ser apertado, garantindo horas de intera\u00e7\u00e3o para pets de todos os portes e ra\u00e7as.<\/p>\n","protected":false},"featured_media":697,"comment_status":"open","ping_status":"closed","template":"","meta":[],"product_brand":[],"product_cat":[290],"product_tag":[237,243,247,208,246,244,242,245,248,191],"class_list":{"0":"post-692","1":"product","2":"type-product","3":"status-publish","4":"has-post-thumbnail","6":"product_cat-brinquedos","7":"product_tag-brinquedo-antistress-para-caes","8":"product_tag-brinquedo-com-som-para-caes","9":"product_tag-brinquedo-com-som-petcute","10":"product_tag-brinquedo-interativo-para-caes","11":"product_tag-brinquedo-seguro-e-duravel-para-caes","12":"product_tag-diversao-para-caes-de-todas-as-racas","13":"product_tag-guaxinim-de-pelucia-para-caes","14":"product_tag-pelucia-com-apito-para-pets","15":"product_tag-pelucia-para-caes-de-todos-os-tamanhos","16":"product_tag-pelucia-resistente-para-pets","18":"first","19":"instock","20":"shipping-taxable","21":"purchasable","22":"product-type-variable"},"_links":{"self":[{"href":"https:\/\/hvflorianopolis.com.br\/home\/wp-json\/wp\/v2\/product\/692","targetHints":{"allow":["GET"]}}],"collection":[{"href":"https:\/\/hvflorianopolis.com.br\/home\/wp-json\/wp\/v2\/product"}],"about":[{"href":"https:\/\/hvflorianopolis.com.br\/home\/wp-json\/wp\/v2\/types\/product"}],"replies":[{"embeddable":true,"href":"https:\/\/hvflorianopolis.com.br\/home\/wp-json\/wp\/v2\/comments?post=692"}],"wp:featuredmedia":[{"embeddable":true,"href":"https:\/\/hvflorianopolis.com.br\/home\/wp-json\/wp\/v2\/media\/697"}],"wp:attachment":[{"href":"https:\/\/hvflorianopolis.com.br\/home\/wp-json\/wp\/v2\/media?parent=692"}],"wp:term":[{"taxonomy":"product_brand","embeddable":true,"href":"https:\/\/hvflorianopolis.com.br\/home\/wp-json\/wp\/v2\/product_brand?post=692"},{"taxonomy":"product_cat","embeddable":true,"href":"https:\/\/hvflorianopolis.com.br\/home\/wp-json\/wp\/v2\/product_cat?post=692"},{"taxonomy":"product_tag","embeddable":true,"href":"https:\/\/hvflorianopolis.com.br\/home\/wp-json\/wp\/v2\/product_tag?post=692"}],"curies":[{"name":"wp","href":"https:\/\/api.w.org\/{rel}","templated":true}]}}