{"id":698,"date":"2024-12-18T22:05:50","date_gmt":"2024-12-19T01:05:50","guid":{"rendered":"https:\/\/hvflorianopolis.com.br\/home\/?post_type=product&#038;p=698"},"modified":"2025-01-28T10:19:00","modified_gmt":"2025-01-28T13:19:00","slug":"macaco-de-pelucia-chalesco","status":"publish","type":"product","link":"https:\/\/hvflorianopolis.com.br\/home\/produto\/macaco-de-pelucia-chalesco\/","title":{"rendered":"Macaco de Pel\u00facia Chalesco"},"content":{"rendered":"","protected":false},"excerpt":{"rendered":"<p>O <strong>Macaco de Pel\u00facia Interativo<\/strong>, apelidado carinhosamente de Caco, \u00e9 ideal para distrair e divertir o seu pet. Com textura macia e resistente, oferece entretenimento e al\u00edvio do estresse, garantindo momentos de pura divers\u00e3o.<\/p>\n","protected":false},"featured_media":705,"comment_status":"open","ping_status":"closed","template":"","meta":[],"product_brand":[],"product_cat":[290],"product_tag":[252,250,255,251,254,249,253,256,191],"class_list":{"0":"post-698","1":"product","2":"type-product","3":"status-publish","4":"has-post-thumbnail","6":"product_cat-brinquedos","7":"product_tag-brinquedo-de-pelucia-grande-para-pets","8":"product_tag-brinquedo-interativo-com-som","9":"product_tag-brinquedo-para-aliviar-estresse-de-caes","10":"product_tag-caco-brinquedo-para-caes","11":"product_tag-diversao-e-companhia-para-caes","12":"product_tag-macaco-de-pelucia-para-caes","13":"product_tag-pelucia-com-apitos-para-caes","14":"product_tag-pelucia-interativa","15":"product_tag-pelucia-resistente-para-pets","17":"first","18":"instock","19":"shipping-taxable","20":"purchasable","21":"product-type-variable"},"_links":{"self":[{"href":"https:\/\/hvflorianopolis.com.br\/home\/wp-json\/wp\/v2\/product\/698","targetHints":{"allow":["GET"]}}],"collection":[{"href":"https:\/\/hvflorianopolis.com.br\/home\/wp-json\/wp\/v2\/product"}],"about":[{"href":"https:\/\/hvflorianopolis.com.br\/home\/wp-json\/wp\/v2\/types\/product"}],"replies":[{"embeddable":true,"href":"https:\/\/hvflorianopolis.com.br\/home\/wp-json\/wp\/v2\/comments?post=698"}],"wp:featuredmedia":[{"embeddable":true,"href":"https:\/\/hvflorianopolis.com.br\/home\/wp-json\/wp\/v2\/media\/705"}],"wp:attachment":[{"href":"https:\/\/hvflorianopolis.com.br\/home\/wp-json\/wp\/v2\/media?parent=698"}],"wp:term":[{"taxonomy":"product_brand","embeddable":true,"href":"https:\/\/hvflorianopolis.com.br\/home\/wp-json\/wp\/v2\/product_brand?post=698"},{"taxonomy":"product_cat","embeddable":true,"href":"https:\/\/hvflorianopolis.com.br\/home\/wp-json\/wp\/v2\/product_cat?post=698"},{"taxonomy":"product_tag","embeddable":true,"href":"https:\/\/hvflorianopolis.com.br\/home\/wp-json\/wp\/v2\/product_tag?post=698"}],"curies":[{"name":"wp","href":"https:\/\/api.w.org\/{rel}","templated":true}]}}