{"id":712,"date":"2024-12-18T22:33:20","date_gmt":"2024-12-19T01:33:20","guid":{"rendered":"https:\/\/hvflorianopolis.com.br\/home\/?post_type=product&#038;p=712"},"modified":"2025-01-28T10:15:23","modified_gmt":"2025-01-28T13:15:23","slug":"porco-espinho-de-pelucia-petcute","status":"publish","type":"product","link":"https:\/\/hvflorianopolis.com.br\/home\/produto\/porco-espinho-de-pelucia-petcute\/","title":{"rendered":"Porco Espinho de Pel\u00facia PetCute"},"content":{"rendered":"","protected":false},"excerpt":{"rendered":"<p>Os brinquedos de pel\u00facia <strong>Petcute<\/strong> s\u00e3o perfeitos para garantir momentos de divers\u00e3o e conforto ao seu pet, fabricados com materiais de alta qualidade e um design seguro e at\u00f3xico.<\/p>\n","protected":false},"featured_media":716,"comment_status":"open","ping_status":"closed","template":"","meta":[],"product_brand":[],"product_cat":[290],"product_tag":[269,188,271,270,267,239,268,272,266,191],"class_list":{"0":"post-712","1":"product","2":"type-product","3":"status-publish","4":"has-post-thumbnail","6":"product_cat-brinquedos","7":"product_tag-brinquedo-com-enchimento-em-fibra-siliconada","8":"product_tag-brinquedo-de-pelucia-para-pets","9":"product_tag-brinquedo-de-qualidade-para-animais","10":"product_tag-brinquedo-para-reduzir-estresse-de-pets","11":"product_tag-brinquedo-seguro-para-caes-e-gatos","12":"product_tag-diversao-para-caes-e-gatos","13":"product_tag-pelucia-atoxica-para-animais","14":"product_tag-pelucia-compacta-e-macia-para-caes","15":"product_tag-pelucia-petcute","16":"product_tag-pelucia-resistente-para-pets","18":"first","19":"instock","20":"shipping-taxable","21":"purchasable","22":"product-type-variable"},"_links":{"self":[{"href":"https:\/\/hvflorianopolis.com.br\/home\/wp-json\/wp\/v2\/product\/712","targetHints":{"allow":["GET"]}}],"collection":[{"href":"https:\/\/hvflorianopolis.com.br\/home\/wp-json\/wp\/v2\/product"}],"about":[{"href":"https:\/\/hvflorianopolis.com.br\/home\/wp-json\/wp\/v2\/types\/product"}],"replies":[{"embeddable":true,"href":"https:\/\/hvflorianopolis.com.br\/home\/wp-json\/wp\/v2\/comments?post=712"}],"wp:featuredmedia":[{"embeddable":true,"href":"https:\/\/hvflorianopolis.com.br\/home\/wp-json\/wp\/v2\/media\/716"}],"wp:attachment":[{"href":"https:\/\/hvflorianopolis.com.br\/home\/wp-json\/wp\/v2\/media?parent=712"}],"wp:term":[{"taxonomy":"product_brand","embeddable":true,"href":"https:\/\/hvflorianopolis.com.br\/home\/wp-json\/wp\/v2\/product_brand?post=712"},{"taxonomy":"product_cat","embeddable":true,"href":"https:\/\/hvflorianopolis.com.br\/home\/wp-json\/wp\/v2\/product_cat?post=712"},{"taxonomy":"product_tag","embeddable":true,"href":"https:\/\/hvflorianopolis.com.br\/home\/wp-json\/wp\/v2\/product_tag?post=712"}],"curies":[{"name":"wp","href":"https:\/\/api.w.org\/{rel}","templated":true}]}}