{"id":759,"date":"2025-02-21T11:03:24","date_gmt":"2025-02-21T14:03:24","guid":{"rendered":"https:\/\/hvflorianopolis.com.br\/home\/?post_type=product&#038;p=759"},"modified":"2025-02-21T11:05:32","modified_gmt":"2025-02-21T14:05:32","slug":"racao-premier-pet-racas-especificas-yorkshire-adulto","status":"publish","type":"product","link":"https:\/\/hvflorianopolis.com.br\/home\/produto\/racao-premier-pet-racas-especificas-yorkshire-adulto\/","title":{"rendered":"Ra\u00e7\u00e3o Premier Pet Ra\u00e7as Espec\u00edficas Yorkshire Adulto"},"content":{"rendered":"<p><span style=\"font-weight: 400;\">Desenvolvida com ingredientes nobres e alta tecnologia, Premier Ra\u00e7as Espec\u00edficas oferece benef\u00edcios exclusivos que visam minimizar os principais problemas de sa\u00fade das ra\u00e7as e auxiliar para o pleno desenvolvimento de suas caracter\u00edsticas t\u00edpicas desej\u00e1veis. A <\/span><b>Ra\u00e7\u00e3o <\/b><b>Premier Pet<\/b><b> Ra\u00e7as Espec\u00edficas <\/b><b>Yorkshire<\/b><b> Adulto<\/b><span style=\"font-weight: 400;\"> foi formulada a partir deste conceito e oferece tudo o que esta ra\u00e7a precisa para manter sua sa\u00fade e beleza. Oferece ainda redu\u00e7\u00e3o do volume e odor de fezes minimizando poss\u00edveis inconvenientes de uma conviv\u00eancia t\u00e3o pr\u00f3xima entre os c\u00e3es e seus propriet\u00e1rios.<\/span><\/p>\n<ul>\n<li><span style=\"font-weight: 400;\">Pelagem bonita e pele saud\u00e1vel atrav\u00e9s de \u00e1cidos graxos essenciais \u00f4megas 3 e 6, biotina e zinco;<\/span><\/li>\n<li><span style=\"font-weight: 400;\">Nutri\u00e7\u00e3o espec\u00edfica: cuidado com o trato urin\u00e1rio, atrav\u00e9s de pH urin\u00e1rio cientificamente balanceado;<\/span><\/li>\n<li><span style=\"font-weight: 400;\">Sa\u00fade intestinal: atrav\u00e9s da combina\u00e7\u00e3o de ingredientes de alta digestibilidade, fibras especiais e prebi\u00f3ticos;<\/span><\/li>\n<li><span style=\"font-weight: 400;\">Sa\u00fade oral: cont\u00e9m hexametafosfato de s\u00f3dio, importante ingrediente para a preven\u00e7\u00e3o da forma\u00e7\u00e3o do c\u00e1lculo dental.<\/span><\/li>\n<\/ul>\n","protected":false},"excerpt":{"rendered":"<p><span style=\"font-weight: 400;\">Desenvolvida com ingredientes nobres e alta tecnologia, Premier Ra\u00e7as Espec\u00edficas oferece benef\u00edcios exclusivos que visam minimizar os principais problemas de sa\u00fade das ra\u00e7as e auxiliar para o pleno desenvolvimento de suas caracter\u00edsticas t\u00edpicas desej\u00e1veis.<\/span><\/p>\n<ul>\n<li><span style=\"font-weight: 400;\">Pelagem bonita e pele saud\u00e1vel atrav\u00e9s de \u00e1cidos graxos essenciais \u00f4megas 3 e 6, biotina e zinco;<\/span><\/li>\n<li><span style=\"font-weight: 400;\">Nutri\u00e7\u00e3o espec\u00edfica: cuidado com o trato urin\u00e1rio, atrav\u00e9s de pH urin\u00e1rio cientificamente balanceado;<\/span><\/li>\n<li><span style=\"font-weight: 400;\">Sa\u00fade intestinal: atrav\u00e9s da combina\u00e7\u00e3o de ingredientes de alta digestibilidade, fibras especiais e prebi\u00f3ticos;<\/span><\/li>\n<li><span style=\"font-weight: 400;\">Sa\u00fade oral: cont\u00e9m hexametafosfato de s\u00f3dio, importante ingrediente para a preven\u00e7\u00e3o da forma\u00e7\u00e3o do c\u00e1lculo dental.<\/span><\/li>\n<\/ul>\n","protected":false},"featured_media":792,"comment_status":"open","ping_status":"closed","template":"","meta":[],"product_brand":[],"product_cat":[386],"product_tag":[],"class_list":{"0":"post-759","1":"product","2":"type-product","3":"status-publish","4":"has-post-thumbnail","6":"product_cat-racoes","8":"first","9":"outofstock","10":"shipping-taxable","11":"product-type-variable"},"_links":{"self":[{"href":"https:\/\/hvflorianopolis.com.br\/home\/wp-json\/wp\/v2\/product\/759","targetHints":{"allow":["GET"]}}],"collection":[{"href":"https:\/\/hvflorianopolis.com.br\/home\/wp-json\/wp\/v2\/product"}],"about":[{"href":"https:\/\/hvflorianopolis.com.br\/home\/wp-json\/wp\/v2\/types\/product"}],"replies":[{"embeddable":true,"href":"https:\/\/hvflorianopolis.com.br\/home\/wp-json\/wp\/v2\/comments?post=759"}],"wp:featuredmedia":[{"embeddable":true,"href":"https:\/\/hvflorianopolis.com.br\/home\/wp-json\/wp\/v2\/media\/792"}],"wp:attachment":[{"href":"https:\/\/hvflorianopolis.com.br\/home\/wp-json\/wp\/v2\/media?parent=759"}],"wp:term":[{"taxonomy":"product_brand","embeddable":true,"href":"https:\/\/hvflorianopolis.com.br\/home\/wp-json\/wp\/v2\/product_brand?post=759"},{"taxonomy":"product_cat","embeddable":true,"href":"https:\/\/hvflorianopolis.com.br\/home\/wp-json\/wp\/v2\/product_cat?post=759"},{"taxonomy":"product_tag","embeddable":true,"href":"https:\/\/hvflorianopolis.com.br\/home\/wp-json\/wp\/v2\/product_tag?post=759"}],"curies":[{"name":"wp","href":"https:\/\/api.w.org\/{rel}","templated":true}]}}