{"id":760,"date":"2025-02-21T11:03:24","date_gmt":"2025-02-21T14:03:24","guid":{"rendered":"https:\/\/hvflorianopolis.com.br\/home\/?post_type=product&#038;p=760"},"modified":"2025-02-21T11:06:00","modified_gmt":"2025-02-21T14:06:00","slug":"racao-premier-nutricao-clinica-urinario-para-gatos","status":"publish","type":"product","link":"https:\/\/hvflorianopolis.com.br\/home\/produto\/racao-premier-nutricao-clinica-urinario-para-gatos\/","title":{"rendered":"Ra\u00e7\u00e3o Premier Nutri\u00e7\u00e3o Cl\u00ednica Urin\u00e1rio para Gatos"},"content":{"rendered":"<p><span style=\"font-weight: 400;\">A Ra\u00e7\u00e3o Premier Nutri\u00e7\u00e3o Cl\u00ednica Urin\u00e1rio para Gatos \u00e9 um alimento Super Premium auxiliar no tratamento dos c\u00e1lculos urin\u00e1rios de estruvita. Algumas altera\u00e7\u00f5es na alimenta\u00e7\u00e3o podem ser ben\u00e9ficas em pacientes com c\u00e1lculos urin\u00e1rios. Os objetivos da dieta s\u00e3o controlar o pH urin\u00e1rio, diminuir a ingest\u00e3o e excre\u00e7\u00e3o urin\u00e1ria de subst\u00e2ncias formadoras de c\u00e1lculo e auxiliar na dissolu\u00e7\u00e3o dos c\u00e1lculos j\u00e1 formados. Este alimento deve ser utilizado como \u00fanico alimento, em geral, pelo per\u00edodo de 4 a 5 semanas podendo variar de acordo com o animal, sempre sob orienta\u00e7\u00e3o de um profissional.<\/span><\/p>\n<ul>\n<li><span style=\"font-weight: 400;\">Teor reduzido de magn\u00e9sio: menor concentra\u00e7\u00e3o urin\u00e1ria de magn\u00e9sio que desfavorece a forma\u00e7\u00e3o de c\u00e1lculos de estruvita;<\/span><\/li>\n<li><span style=\"font-weight: 400;\">pH urin\u00e1rio controlado: o controle do pH urin\u00e1rio \u00e9 importante para evitar a acidifica\u00e7\u00e3o excessiva que predisp\u00f5e a forma\u00e7\u00e3o dos c\u00e1lculos de oxalato de c\u00e1lcio;<\/span><\/li>\n<li><span style=\"font-weight: 400;\">Excesso de bases reduzido: formulado para obter um excesso de bases reduzido, propriedade necess\u00e1ria para acidifica\u00e7\u00e3o da urina e dissolu\u00e7\u00e3o dos c\u00e1lculos de estruvita;<\/span><\/li>\n<li><span style=\"font-weight: 400;\">Prote\u00edna em equil\u00edbrio: teor controlado de prote\u00ednas de alta qualidade, que promove a diminui\u00e7\u00e3o da concentra\u00e7\u00e3o de am\u00f4nia urin\u00e1ria, reduzindo a disponibilidade deste componente estrutural do c\u00e1lculo de estruvita.<\/span><\/li>\n<\/ul>\n","protected":false},"excerpt":{"rendered":"<p><span style=\"font-weight: 400;\">A Ra\u00e7\u00e3o Premier Nutri\u00e7\u00e3o Cl\u00ednica Urin\u00e1rio para Gatos \u00e9 um alimento Super Premium auxiliar no tratamento dos c\u00e1lculos urin\u00e1rios de estruvita.<\/span><\/p>\n<ul>\n<li><span style=\"font-weight: 400;\">Teor reduzido de magn\u00e9sio: menor concentra\u00e7\u00e3o urin\u00e1ria de magn\u00e9sio que desfavorece a forma\u00e7\u00e3o de c\u00e1lculos de estruvita;<\/span><\/li>\n<li><span style=\"font-weight: 400;\">pH urin\u00e1rio controlado: o controle do pH urin\u00e1rio \u00e9 importante para evitar a acidifica\u00e7\u00e3o excessiva que predisp\u00f5e a forma\u00e7\u00e3o dos c\u00e1lculos de oxalato de c\u00e1lcio;<\/span><\/li>\n<li><span style=\"font-weight: 400;\">Excesso de bases reduzido: formulado para obter um excesso de bases reduzido, propriedade necess\u00e1ria para acidifica\u00e7\u00e3o da urina e dissolu\u00e7\u00e3o dos c\u00e1lculos de estruvita;<\/span><\/li>\n<li><span style=\"font-weight: 400;\">Prote\u00edna em equil\u00edbrio: teor controlado de prote\u00ednas de alta qualidade, que promove a diminui\u00e7\u00e3o da concentra\u00e7\u00e3o de am\u00f4nia urin\u00e1ria, reduzindo a disponibilidade deste componente estrutural do c\u00e1lculo de estruvita.<\/span><\/li>\n<\/ul>\n","protected":false},"featured_media":794,"comment_status":"open","ping_status":"closed","template":"","meta":[],"product_brand":[],"product_cat":[386],"product_tag":[],"class_list":{"0":"post-760","1":"product","2":"type-product","3":"status-publish","4":"has-post-thumbnail","6":"product_cat-racoes","8":"first","9":"outofstock","10":"shipping-taxable","11":"product-type-variable"},"_links":{"self":[{"href":"https:\/\/hvflorianopolis.com.br\/home\/wp-json\/wp\/v2\/product\/760","targetHints":{"allow":["GET"]}}],"collection":[{"href":"https:\/\/hvflorianopolis.com.br\/home\/wp-json\/wp\/v2\/product"}],"about":[{"href":"https:\/\/hvflorianopolis.com.br\/home\/wp-json\/wp\/v2\/types\/product"}],"replies":[{"embeddable":true,"href":"https:\/\/hvflorianopolis.com.br\/home\/wp-json\/wp\/v2\/comments?post=760"}],"wp:featuredmedia":[{"embeddable":true,"href":"https:\/\/hvflorianopolis.com.br\/home\/wp-json\/wp\/v2\/media\/794"}],"wp:attachment":[{"href":"https:\/\/hvflorianopolis.com.br\/home\/wp-json\/wp\/v2\/media?parent=760"}],"wp:term":[{"taxonomy":"product_brand","embeddable":true,"href":"https:\/\/hvflorianopolis.com.br\/home\/wp-json\/wp\/v2\/product_brand?post=760"},{"taxonomy":"product_cat","embeddable":true,"href":"https:\/\/hvflorianopolis.com.br\/home\/wp-json\/wp\/v2\/product_cat?post=760"},{"taxonomy":"product_tag","embeddable":true,"href":"https:\/\/hvflorianopolis.com.br\/home\/wp-json\/wp\/v2\/product_tag?post=760"}],"curies":[{"name":"wp","href":"https:\/\/api.w.org\/{rel}","templated":true}]}}