{"id":761,"date":"2025-02-21T11:03:25","date_gmt":"2025-02-21T14:03:25","guid":{"rendered":"https:\/\/hvflorianopolis.com.br\/home\/?post_type=product&#038;p=761"},"modified":"2025-02-21T11:06:36","modified_gmt":"2025-02-21T14:06:36","slug":"racao-seca-premier-pet-golden-formula-peru-arroz-para-caes-adultos","status":"publish","type":"product","link":"https:\/\/hvflorianopolis.com.br\/home\/produto\/racao-seca-premier-pet-golden-formula-peru-arroz-para-caes-adultos\/","title":{"rendered":"Ra\u00e7\u00e3o Seca Premier Pet Golden Formula Peru &#038; Arroz para C\u00e3es Adultos"},"content":{"rendered":"<p><span style=\"font-weight: 400;\">A Ra\u00e7\u00e3o Seca <\/span><span style=\"font-weight: 400;\">Premier Pet<\/span><span style=\"font-weight: 400;\"> Golden Formula Peru &amp; Arroz para C\u00e3es Adultos \u00e9 um alimento Premium Especial desenvolvido para c\u00e3es adultos. Promove uma pelagem bonita e saud\u00e1vel, pois \u00e9 formulado com prote\u00ednas de excelente qualidade, auxilia na sa\u00fade intestinal e ainda \u00e9 formulado com Peru e arroz que oferece um sabor incompar\u00e1vel, tudo isso para garantir uma refei\u00e7\u00e3o saborosa e uma vida longa e saud\u00e1vel.<\/span><\/p>\n<ul>\n<li><span style=\"font-weight: 400;\">Sa\u00fade oral: auxilia a redu\u00e7\u00e3o da forma\u00e7\u00e3o do t\u00e1rtaro;<\/span><\/li>\n<li><span style=\"font-weight: 400;\">Pele nutrida e pelagem sedosa: equil\u00edbrio de \u00f4megas e minerais;<\/span><\/li>\n<li><span style=\"font-weight: 400;\">Intestino saud\u00e1vel: combina\u00e7\u00e3o de nutrientes de alta digestibilidade e fibras naturais;<\/span><\/li>\n<li><span style=\"font-weight: 400;\">Redu\u00e7\u00e3o do odor das fezes: sele\u00e7\u00e3o de ingredientes especiais que auxiliam na redu\u00e7\u00e3o do odor das fezes.<\/span><\/li>\n<\/ul>\n","protected":false},"excerpt":{"rendered":"<p><span style=\"font-weight: 400;\">A Ra\u00e7\u00e3o Seca <\/span><span style=\"font-weight: 400;\">Premier Pet<\/span><span style=\"font-weight: 400;\"> Golden Formula Peru &amp; Arroz para C\u00e3es Adultos \u00e9 um alimento Premium Especial desenvolvido para c\u00e3es adultos.<\/span><\/p>\n<ul>\n<li><span style=\"font-weight: 400;\">Sa\u00fade oral: auxilia a redu\u00e7\u00e3o da forma\u00e7\u00e3o do t\u00e1rtaro;<\/span><\/li>\n<li><span style=\"font-weight: 400;\">Pele nutrida e pelagem sedosa: equil\u00edbrio de \u00f4megas e minerais;<\/span><\/li>\n<li><span style=\"font-weight: 400;\">Intestino saud\u00e1vel: combina\u00e7\u00e3o de nutrientes de alta digestibilidade e fibras naturais;<\/span><\/li>\n<li><span style=\"font-weight: 400;\">Redu\u00e7\u00e3o do odor das fezes: sele\u00e7\u00e3o de ingredientes especiais que auxiliam na redu\u00e7\u00e3o do odor das fezes.<\/span><\/li>\n<\/ul>\n","protected":false},"featured_media":796,"comment_status":"open","ping_status":"closed","template":"","meta":[],"product_brand":[],"product_cat":[386],"product_tag":[],"class_list":{"0":"post-761","1":"product","2":"type-product","3":"status-publish","4":"has-post-thumbnail","6":"product_cat-racoes","8":"first","9":"instock","10":"shipping-taxable","11":"product-type-variable"},"_links":{"self":[{"href":"https:\/\/hvflorianopolis.com.br\/home\/wp-json\/wp\/v2\/product\/761","targetHints":{"allow":["GET"]}}],"collection":[{"href":"https:\/\/hvflorianopolis.com.br\/home\/wp-json\/wp\/v2\/product"}],"about":[{"href":"https:\/\/hvflorianopolis.com.br\/home\/wp-json\/wp\/v2\/types\/product"}],"replies":[{"embeddable":true,"href":"https:\/\/hvflorianopolis.com.br\/home\/wp-json\/wp\/v2\/comments?post=761"}],"wp:featuredmedia":[{"embeddable":true,"href":"https:\/\/hvflorianopolis.com.br\/home\/wp-json\/wp\/v2\/media\/796"}],"wp:attachment":[{"href":"https:\/\/hvflorianopolis.com.br\/home\/wp-json\/wp\/v2\/media?parent=761"}],"wp:term":[{"taxonomy":"product_brand","embeddable":true,"href":"https:\/\/hvflorianopolis.com.br\/home\/wp-json\/wp\/v2\/product_brand?post=761"},{"taxonomy":"product_cat","embeddable":true,"href":"https:\/\/hvflorianopolis.com.br\/home\/wp-json\/wp\/v2\/product_cat?post=761"},{"taxonomy":"product_tag","embeddable":true,"href":"https:\/\/hvflorianopolis.com.br\/home\/wp-json\/wp\/v2\/product_tag?post=761"}],"curies":[{"name":"wp","href":"https:\/\/api.w.org\/{rel}","templated":true}]}}