{"id":762,"date":"2025-02-21T11:03:25","date_gmt":"2025-02-21T14:03:25","guid":{"rendered":"https:\/\/hvflorianopolis.com.br\/home\/?post_type=product&#038;p=762"},"modified":"2025-02-21T16:55:11","modified_gmt":"2025-02-21T16:55:11","slug":"racao-seca-premier-pet-golden-formula-peru-arroz-mini-bits-para-caes-adultos-de-pequeno-porte","status":"publish","type":"product","link":"https:\/\/hvflorianopolis.com.br\/home\/produto\/racao-seca-premier-pet-golden-formula-peru-arroz-mini-bits-para-caes-adultos-de-pequeno-porte\/","title":{"rendered":"Ra\u00e7\u00e3o Seca Premier Pet Golden Formula Peru &#038; Arroz Mini Bits para C\u00e3es Adultos de Pequeno Porte"},"content":{"rendered":"","protected":false},"excerpt":{"rendered":"<p>Apresentamos a <strong data-start=\"56\" data-end=\"116\">Ra\u00e7\u00e3o Golden Formula C\u00e3es Adultos Peru &amp; Arroz Mini Bits<\/strong>, especialmente desenvolvida para c\u00e3es adultos de ra\u00e7as pequenas. Este alimento Premium Especial combina prote\u00ednas de alta qualidade com ingredientes selecionados para promover sa\u00fade intestinal, redu\u00e7\u00e3o do odor das fezes e uma pelagem brilhante. Dispon\u00edvel em embalagens de 1kg, 3kg e 10,1kg, com sistema de fechamento Easy Open \/ Abre Fecha para maior praticidade.<\/p>\n","protected":false},"featured_media":798,"comment_status":"open","ping_status":"closed","template":"","meta":[],"product_brand":[],"product_cat":[386],"product_tag":[],"class_list":{"0":"post-762","1":"product","2":"type-product","3":"status-publish","4":"has-post-thumbnail","6":"product_cat-racoes","8":"first","9":"instock","10":"shipping-taxable","11":"product-type-variable"},"_links":{"self":[{"href":"https:\/\/hvflorianopolis.com.br\/home\/wp-json\/wp\/v2\/product\/762","targetHints":{"allow":["GET"]}}],"collection":[{"href":"https:\/\/hvflorianopolis.com.br\/home\/wp-json\/wp\/v2\/product"}],"about":[{"href":"https:\/\/hvflorianopolis.com.br\/home\/wp-json\/wp\/v2\/types\/product"}],"replies":[{"embeddable":true,"href":"https:\/\/hvflorianopolis.com.br\/home\/wp-json\/wp\/v2\/comments?post=762"}],"wp:featuredmedia":[{"embeddable":true,"href":"https:\/\/hvflorianopolis.com.br\/home\/wp-json\/wp\/v2\/media\/798"}],"wp:attachment":[{"href":"https:\/\/hvflorianopolis.com.br\/home\/wp-json\/wp\/v2\/media?parent=762"}],"wp:term":[{"taxonomy":"product_brand","embeddable":true,"href":"https:\/\/hvflorianopolis.com.br\/home\/wp-json\/wp\/v2\/product_brand?post=762"},{"taxonomy":"product_cat","embeddable":true,"href":"https:\/\/hvflorianopolis.com.br\/home\/wp-json\/wp\/v2\/product_cat?post=762"},{"taxonomy":"product_tag","embeddable":true,"href":"https:\/\/hvflorianopolis.com.br\/home\/wp-json\/wp\/v2\/product_tag?post=762"}],"curies":[{"name":"wp","href":"https:\/\/api.w.org\/{rel}","templated":true}]}}