{"id":763,"date":"2025-02-21T11:03:25","date_gmt":"2025-02-21T14:03:25","guid":{"rendered":"https:\/\/hvflorianopolis.com.br\/home\/?post_type=product&#038;p=763"},"modified":"2025-02-21T11:07:04","modified_gmt":"2025-02-21T14:07:04","slug":"racao-seca-premier-pet-golden-duo-frango-e-carne-para-caes-adultos","status":"publish","type":"product","link":"https:\/\/hvflorianopolis.com.br\/home\/produto\/racao-seca-premier-pet-golden-duo-frango-e-carne-para-caes-adultos\/","title":{"rendered":"Ra\u00e7\u00e3o Seca Premier Pet Golden Duo Frango e Carne para C\u00e3es Adultos"},"content":{"rendered":"<p><span style=\"font-weight: 400;\">A Ra\u00e7\u00e3o Seca <\/span><span style=\"font-weight: 400;\">Premier Pet<\/span><span style=\"font-weight: 400;\"> Golden Duo Frango e Carne para C\u00e3es Adultos \u00e9 um alimento Premium Especial que une ingredientes de alta qualidade e sabor para o seu melhor amigo. Ela possui 2 sabores embalados individualmente, que podem ser alternados ao longo do dia, oferecendo uma experi\u00eancia incr\u00edvel ao seu peludo. Toda essa liberdade de escolha s\u00f3 \u00e9 poss\u00edvel devido \u00e0 alta qualidade dos seus ingredientes e \u00e0 seguran\u00e7a digestiva garantida pelo produto, que permite a varia\u00e7\u00e3o entre os dois sabores sem a necessidade de per\u00edodo pr\u00e9vio de adapta\u00e7\u00e3o.<\/span><\/p>\n<ul>\n<li><span style=\"font-weight: 400;\">Indicada para c\u00e3es adultos;<\/span><\/li>\n<li><span style=\"font-weight: 400;\">Proporciona sa\u00fade da pele e pelagem;<\/span><\/li>\n<li><span style=\"font-weight: 400;\">Cont\u00e9m dois sabores na mesma embalagem;<\/span><\/li>\n<li><span style=\"font-weight: 400;\">Proporciona sa\u00fade intestinal;<\/span><\/li>\n<li><span style=\"font-weight: 400;\">Conta com \u00f4megas 3 e 6 em sua f\u00f3rmula.<\/span><\/li>\n<\/ul>\n","protected":false},"excerpt":{"rendered":"<p><span style=\"font-weight: 400;\">A Ra\u00e7\u00e3o Seca <\/span><span style=\"font-weight: 400;\">Prem<\/span><span style=\"font-weight: 400;\">i<\/span><span style=\"font-weight: 400;\">er Pet<\/span><span style=\"font-weight: 400;\"> Golden Duii Frango e Carne para C\u00e3es Adultos \u00e9 um alimento Premium Especial que une ingredientes de alta qualidade e sabor para o seu melhor amigo.<\/span><\/p>\n<ul>\n<li><span style=\"font-weight: 400;\">Indicada para c\u00e3es adultos;<\/span><\/li>\n<li><span style=\"font-weight: 400;\">Proporciona sa\u00fade da pele e pelagem;<\/span><\/li>\n<li><span style=\"font-weight: 400;\">Cont\u00e9m dois sabores na mesma embalagem;<\/span><\/li>\n<li><span style=\"font-weight: 400;\">Proporciona sa\u00fade intestinal;<\/span><\/li>\n<li><span style=\"font-weight: 400;\">Conta com \u00f4megas 3 e 6 em sua f\u00f3rmula.<\/span><\/li>\n<\/ul>\n","protected":false},"featured_media":799,"comment_status":"open","ping_status":"closed","template":"","meta":[],"product_brand":[],"product_cat":[386],"product_tag":[],"class_list":{"0":"post-763","1":"product","2":"type-product","3":"status-publish","4":"has-post-thumbnail","6":"product_cat-racoes","8":"first","9":"outofstock","10":"shipping-taxable","11":"product-type-variable"},"_links":{"self":[{"href":"https:\/\/hvflorianopolis.com.br\/home\/wp-json\/wp\/v2\/product\/763","targetHints":{"allow":["GET"]}}],"collection":[{"href":"https:\/\/hvflorianopolis.com.br\/home\/wp-json\/wp\/v2\/product"}],"about":[{"href":"https:\/\/hvflorianopolis.com.br\/home\/wp-json\/wp\/v2\/types\/product"}],"replies":[{"embeddable":true,"href":"https:\/\/hvflorianopolis.com.br\/home\/wp-json\/wp\/v2\/comments?post=763"}],"wp:featuredmedia":[{"embeddable":true,"href":"https:\/\/hvflorianopolis.com.br\/home\/wp-json\/wp\/v2\/media\/799"}],"wp:attachment":[{"href":"https:\/\/hvflorianopolis.com.br\/home\/wp-json\/wp\/v2\/media?parent=763"}],"wp:term":[{"taxonomy":"product_brand","embeddable":true,"href":"https:\/\/hvflorianopolis.com.br\/home\/wp-json\/wp\/v2\/product_brand?post=763"},{"taxonomy":"product_cat","embeddable":true,"href":"https:\/\/hvflorianopolis.com.br\/home\/wp-json\/wp\/v2\/product_cat?post=763"},{"taxonomy":"product_tag","embeddable":true,"href":"https:\/\/hvflorianopolis.com.br\/home\/wp-json\/wp\/v2\/product_tag?post=763"}],"curies":[{"name":"wp","href":"https:\/\/api.w.org\/{rel}","templated":true}]}}