{"id":765,"date":"2025-02-21T11:03:25","date_gmt":"2025-02-21T14:03:25","guid":{"rendered":"https:\/\/hvflorianopolis.com.br\/home\/?post_type=product&#038;p=765"},"modified":"2025-02-21T11:07:36","modified_gmt":"2025-02-21T14:07:36","slug":"racao-seca-premier-pet-golden-duo-salmao-e-cordeiro-para-caes-adultos","status":"publish","type":"product","link":"https:\/\/hvflorianopolis.com.br\/home\/produto\/racao-seca-premier-pet-golden-duo-salmao-e-cordeiro-para-caes-adultos\/","title":{"rendered":"Ra\u00e7\u00e3o Seca PremieR Pet Golden Duo Salm\u00e3o e Cordeiro para C\u00e3es Adultos"},"content":{"rendered":"<p><span style=\"font-weight: 400;\">A Ra\u00e7\u00e3o Golden Formula para C\u00e3es Adultos Duo Salm\u00e3o \u00e9 um alimento Premium Especial completo, especialmente desenvolvido para c\u00e3es de paladar apurado que gostam de apreciar diferentes sabores ao longo do dia.<\/span><\/p>\n<p><span style=\"font-weight: 400;\">Balanceada e rica em nutrientes, a Ra\u00e7\u00e3o Golden Formula para C\u00e3es Adultos Duo Salm\u00e3o vem com dois sabores embalados individualmente no mesmo pacote. Assim, voc\u00ea consegue variar o card\u00e1pio do seu amigo sem precisar passar pelo processo de adapta\u00e7\u00e3o.<\/span><\/p>\n<p><span style=\"font-weight: 400;\">Al\u00e9m de todos esses benef\u00edcios, a Ra\u00e7\u00e3o Golden Formula para C\u00e3es Adultos Duo Salm\u00e3o ainda ajuda a manter a sa\u00fade bucal, pois promove a redu\u00e7\u00e3o da forma\u00e7\u00e3o do t\u00e1rtaro.<\/span><\/p>\n<p><span style=\"font-weight: 400;\">A sa\u00fade intestinal tamb\u00e9m fica equilibrada, e o resultado s\u00e3o fezes mais consistentes e com odor reduzido.<\/span><\/p>\n<ul>\n<li style=\"font-weight: 400;\" aria-level=\"1\"><span style=\"font-weight: 400;\">Indicado para c\u00e3es adultos;<\/span><\/li>\n<li style=\"font-weight: 400;\" aria-level=\"1\"><span style=\"font-weight: 400;\">Promove a sa\u00fade da pele e dos pelos;<\/span><\/li>\n<li style=\"font-weight: 400;\" aria-level=\"1\"><span style=\"font-weight: 400;\">Sem corantes e aromatizantes artificiais;<\/span><\/li>\n<li style=\"font-weight: 400;\" aria-level=\"1\"><span style=\"font-weight: 400;\">Especialmente desenvolvido para c\u00e3es com paladar apurado;<\/span><\/li>\n<li style=\"font-weight: 400;\" aria-level=\"1\"><span style=\"font-weight: 400;\">Ajuda a manter a sa\u00fade oral, auxiliando na redu\u00e7\u00e3o da forma\u00e7\u00e3o do t\u00e1rtaro;<\/span><\/li>\n<li style=\"font-weight: 400;\" aria-level=\"1\"><span style=\"font-weight: 400;\">Com dois sabores irresist\u00edveis embalados individualmente, para voc\u00ea alternar sem precisar fazer adapta\u00e7\u00e3o entre os sabores;<\/span><\/li>\n<li style=\"font-weight: 400;\" aria-level=\"1\"><span style=\"font-weight: 400;\">A combina\u00e7\u00e3o de nutrientes de alta digestibilidade e fibras naturais promove a sa\u00fade intestinal, e ingredientes especiais auxiliam na redu\u00e7\u00e3o do odor das fezes.<\/span><\/li>\n<\/ul>\n","protected":false},"excerpt":{"rendered":"<p><span style=\"font-weight: 400;\">A Ra\u00e7\u00e3o Golden Formula para C\u00e3es Adultos Duo Salm\u00e3o \u00e9 um alimento Premium Especial completo, especialmente desenvolvido para c\u00e3es de paladar apurado que gostam de apreciar diferentes sabores ao longo do dia.<\/span><\/p>\n<ul>\n<li style=\"font-weight: 400;\" aria-level=\"1\"><span style=\"font-weight: 400;\">Indicado para c\u00e3es adultos;<\/span><\/li>\n<li style=\"font-weight: 400;\" aria-level=\"1\"><span style=\"font-weight: 400;\">Promove a sa\u00fade da pele e dos pelos;<\/span><\/li>\n<li style=\"font-weight: 400;\" aria-level=\"1\"><span style=\"font-weight: 400;\">Sem corantes e aromatizantes artificiais;<\/span><\/li>\n<li style=\"font-weight: 400;\" aria-level=\"1\"><span style=\"font-weight: 400;\">Especialmente desenvolvido para c\u00e3es com paladar apurado;<\/span><\/li>\n<li style=\"font-weight: 400;\" aria-level=\"1\"><span style=\"font-weight: 400;\">Ajuda a manter a sa\u00fade oral, auxiliando na redu\u00e7\u00e3o da forma\u00e7\u00e3o do t\u00e1rtaro;<\/span><\/li>\n<li style=\"font-weight: 400;\" aria-level=\"1\"><span style=\"font-weight: 400;\">Com dois sabores irresist\u00edveis embalados individualmente, para voc\u00ea alternar sem precisar fazer adapta\u00e7\u00e3o entre os sabores;<\/span><\/li>\n<li style=\"font-weight: 400;\" aria-level=\"1\"><span style=\"font-weight: 400;\">A combina\u00e7\u00e3o de nutrientes de alta digestibilidade e fibras naturais promove a sa\u00fade intestinal, e ingredientes especiais auxiliam na redu\u00e7\u00e3o do odor das fezes.<\/span><\/li>\n<\/ul>\n","protected":false},"featured_media":801,"comment_status":"open","ping_status":"closed","template":"","meta":[],"product_brand":[],"product_cat":[386],"product_tag":[],"class_list":{"0":"post-765","1":"product","2":"type-product","3":"status-publish","4":"has-post-thumbnail","6":"product_cat-racoes","8":"first","9":"outofstock","10":"shipping-taxable","11":"product-type-variable"},"_links":{"self":[{"href":"https:\/\/hvflorianopolis.com.br\/home\/wp-json\/wp\/v2\/product\/765","targetHints":{"allow":["GET"]}}],"collection":[{"href":"https:\/\/hvflorianopolis.com.br\/home\/wp-json\/wp\/v2\/product"}],"about":[{"href":"https:\/\/hvflorianopolis.com.br\/home\/wp-json\/wp\/v2\/types\/product"}],"replies":[{"embeddable":true,"href":"https:\/\/hvflorianopolis.com.br\/home\/wp-json\/wp\/v2\/comments?post=765"}],"wp:featuredmedia":[{"embeddable":true,"href":"https:\/\/hvflorianopolis.com.br\/home\/wp-json\/wp\/v2\/media\/801"}],"wp:attachment":[{"href":"https:\/\/hvflorianopolis.com.br\/home\/wp-json\/wp\/v2\/media?parent=765"}],"wp:term":[{"taxonomy":"product_brand","embeddable":true,"href":"https:\/\/hvflorianopolis.com.br\/home\/wp-json\/wp\/v2\/product_brand?post=765"},{"taxonomy":"product_cat","embeddable":true,"href":"https:\/\/hvflorianopolis.com.br\/home\/wp-json\/wp\/v2\/product_cat?post=765"},{"taxonomy":"product_tag","embeddable":true,"href":"https:\/\/hvflorianopolis.com.br\/home\/wp-json\/wp\/v2\/product_tag?post=765"}],"curies":[{"name":"wp","href":"https:\/\/api.w.org\/{rel}","templated":true}]}}