{"id":766,"date":"2025-02-21T11:03:25","date_gmt":"2025-02-21T14:03:25","guid":{"rendered":"https:\/\/hvflorianopolis.com.br\/home\/?post_type=product&#038;p=766"},"modified":"2025-02-21T11:07:48","modified_gmt":"2025-02-21T14:07:48","slug":"racao-seca-premier-pet-golden-mega-caes-adultos-racas-grandes-frango-e-arroz","status":"publish","type":"product","link":"https:\/\/hvflorianopolis.com.br\/home\/produto\/racao-seca-premier-pet-golden-mega-caes-adultos-racas-grandes-frango-e-arroz\/","title":{"rendered":"Ra\u00e7\u00e3o Seca PremieR Pet Golden Mega C\u00e3es Adultos Ra\u00e7as Grandes Frango e Arroz"},"content":{"rendered":"<p><span style=\"font-weight: 400;\">A Ra\u00e7\u00e3o Seca <\/span><span style=\"font-weight: 400;\">Premier Pet<\/span><span style=\"font-weight: 400;\"> Golden Mega C\u00e3es Filhotes Ra\u00e7as Grandes Frango e Arroz \u00e9 um alimento Premium Especial desenvolvido pela PremieRpet\u00ae para filhotes de ra\u00e7as grandes e gigantes que atingem 30 kg ou mais quando adultos. Esses c\u00e3es apresentam um crescimento acelerado e s\u00f3 terminam seu desenvolvimento por volta de um ano e meio de idade. Nesta fase, qualquer defici\u00eancia ou excesso de nutrientes e energia pode trazer consequ\u00eancias s\u00e9rias, como altera\u00e7\u00f5es osteo-articulares. Al\u00e9m disso, os c\u00e3es de ra\u00e7as grandes e gigantes apresentam fezes volumosas, pois possuem o aparelho digestivo curto, quando comparados aos de ra\u00e7as pequenas.<\/span><\/p>\n<ul>\n<li><span style=\"font-weight: 400;\">Sa\u00fade oral: auxilia a redu\u00e7\u00e3o da forma\u00e7\u00e3o do t\u00e1rtaro;<\/span><\/li>\n<li><span style=\"font-weight: 400;\">Intestino saud\u00e1vel: combina\u00e7\u00e3o de nutrientes de alta digestibilidade e fibras naturais;<\/span><\/li>\n<li><span style=\"font-weight: 400;\">Redu\u00e7\u00e3o do odor das fezes: sele\u00e7\u00e3o de ingredientes especiais que auxiliam na redu\u00e7\u00e3o do odor das fezes;<\/span><\/li>\n<li><span style=\"font-weight: 400;\">Prote\u00e7\u00e3o articular: possui condroitina e glicosamina, que contribuem para a manuten\u00e7\u00e3o da sa\u00fade das articula\u00e7\u00f5es.<\/span><\/li>\n<\/ul>\n","protected":false},"excerpt":{"rendered":"<p><span style=\"font-weight: 400;\">A Ra\u00e7\u00e3o Seca <\/span><span style=\"font-weight: 400;\">Premier Pet<\/span><span style=\"font-weight: 400;\"> Golden Mega C\u00e3es Filhotes Ra\u00e7as Grandes Frango e Arroz \u00e9 um alimento Premium Especial desenvolvido pela PremieRpet\u00ae para filhotes de ra\u00e7as grandes e gigantes que atingem 30 kg ou mais quando adultos. Esses c\u00e3es apresentam um crescimento acelerado e s\u00f3 terminam seu desenvolvimento por volta de um ano e meio de idade.<\/span><\/p>\n<ul>\n<li><span style=\"font-weight: 400;\">Sa\u00fade oral: auxilia a redu\u00e7\u00e3o da forma\u00e7\u00e3o do t\u00e1rtaro;<\/span><\/li>\n<li><span style=\"font-weight: 400;\">Intestino saud\u00e1vel: combina\u00e7\u00e3o de nutrientes de alta digestibilidade e fibras naturais;<\/span><\/li>\n<li><span style=\"font-weight: 400;\">Redu\u00e7\u00e3o do odor das fezes: sele\u00e7\u00e3o de ingredientes especiais que auxiliam na redu\u00e7\u00e3o do odor das fezes;<\/span><\/li>\n<li><span style=\"font-weight: 400;\">Prote\u00e7\u00e3o articular: possui condroitina e glicosamina, que contribuem para a manuten\u00e7\u00e3o da sa\u00fade das articula\u00e7\u00f5es.<\/span><\/li>\n<\/ul>\n","protected":false},"featured_media":802,"comment_status":"open","ping_status":"closed","template":"","meta":[],"product_brand":[],"product_cat":[386],"product_tag":[],"class_list":{"0":"post-766","1":"product","2":"type-product","3":"status-publish","4":"has-post-thumbnail","6":"product_cat-racoes","8":"first","9":"instock","10":"shipping-taxable","11":"product-type-variable"},"_links":{"self":[{"href":"https:\/\/hvflorianopolis.com.br\/home\/wp-json\/wp\/v2\/product\/766","targetHints":{"allow":["GET"]}}],"collection":[{"href":"https:\/\/hvflorianopolis.com.br\/home\/wp-json\/wp\/v2\/product"}],"about":[{"href":"https:\/\/hvflorianopolis.com.br\/home\/wp-json\/wp\/v2\/types\/product"}],"replies":[{"embeddable":true,"href":"https:\/\/hvflorianopolis.com.br\/home\/wp-json\/wp\/v2\/comments?post=766"}],"wp:featuredmedia":[{"embeddable":true,"href":"https:\/\/hvflorianopolis.com.br\/home\/wp-json\/wp\/v2\/media\/802"}],"wp:attachment":[{"href":"https:\/\/hvflorianopolis.com.br\/home\/wp-json\/wp\/v2\/media?parent=766"}],"wp:term":[{"taxonomy":"product_brand","embeddable":true,"href":"https:\/\/hvflorianopolis.com.br\/home\/wp-json\/wp\/v2\/product_brand?post=766"},{"taxonomy":"product_cat","embeddable":true,"href":"https:\/\/hvflorianopolis.com.br\/home\/wp-json\/wp\/v2\/product_cat?post=766"},{"taxonomy":"product_tag","embeddable":true,"href":"https:\/\/hvflorianopolis.com.br\/home\/wp-json\/wp\/v2\/product_tag?post=766"}],"curies":[{"name":"wp","href":"https:\/\/api.w.org\/{rel}","templated":true}]}}