{"id":809,"date":"2025-02-25T10:29:57","date_gmt":"2025-02-25T13:29:57","guid":{"rendered":"https:\/\/hvflorianopolis.com.br\/home\/?post_type=product&#038;p=809"},"modified":"2025-02-25T10:30:28","modified_gmt":"2025-02-25T13:30:28","slug":"antibiotico-agener-uniao-agemoxi-cl-10-comprimidos","status":"publish","type":"product","link":"https:\/\/hvflorianopolis.com.br\/home\/produto\/antibiotico-agener-uniao-agemoxi-cl-10-comprimidos\/","title":{"rendered":"Antibi\u00f3tico Agener Uni\u00e3o Agemoxi CL 10 comprimidos"},"content":{"rendered":"<p>O\u00a0<strong>Antibi\u00f3tico\u00a0Agener Uni\u00e3o\u00a0Agemoxi CL 10 comprimidos<\/strong>, \u00e9 indicado para c\u00e3es e gatos de m\u00e9dio e grande porte. Desenvolvido para o tratamento de infec\u00e7\u00f5es bacterianas aer\u00f3bicas e anaer\u00f3bicas sens\u00edveis, piodermites e infec\u00e7\u00f5es dos tecidos moles, infec\u00e7\u00f5es do trato urin\u00e1rio, infec\u00e7\u00f5es respirat\u00f3rias, infec\u00e7\u00f5es do trato gastrointestinal, tais como as enterites.<\/p>\n<p><span style=\"font-weight: 400;\">Agemoxi CL \u00e9 um antimicrobiano para c\u00e3es e gatos \u00e0 base de amoxicilina e \u00e1cido clavul\u00e2nico (clavulanato de pot\u00e1ssio). A amoxicilina, assim como todas as penicilinas, \u00e9 um princ\u00edpio ativo bactericida, tempo dependente, e atua na inibi\u00e7\u00e3o da s\u00edntese da parede celular. O clavulanato de pot\u00e1ssio \u00e9 um inibidor n\u00e3o competitivo da enzima beta-lactamase, produzida por algumas cepas de bact\u00e9rias, o que gera resist\u00eancia aos antibi\u00f3ticos beta-lact\u00e2micos. Portanto, a combina\u00e7\u00e3o dos dois f\u00e1rmacos favorece a atua\u00e7\u00e3o do produto como um potente agente bactericida sist\u00eamico.<\/span><\/p>\n<ul>\n<li><span style=\"font-weight: 400;\">Indicado para c\u00e3es e gatos;<\/span><\/li>\n<li><span style=\"font-weight: 400;\">Antibacteriano de largo espectro;<\/span><\/li>\n<li><span style=\"font-weight: 400;\">Auxilia no tratamento de: infec\u00e7\u00f5es periodontais, piodermites, respirat\u00f3rias, dos tecidos moles e trato urin\u00e1rio,<\/span><\/li>\n<li><span style=\"font-weight: 400;\">A embalagem cont\u00e9m 10 comprimidos.<\/span><\/li>\n<\/ul>\n","protected":false},"excerpt":{"rendered":"<p>O\u00a0<strong>Antibi\u00f3tico\u00a0Agener Uni\u00e3o\u00a0Agemoxi CL 10 comprimidos<\/strong>, \u00e9 indicado para c\u00e3es e gatos de m\u00e9dio e grande porte. Desenvolvido para o tratamento de infec\u00e7\u00f5es bacterianas aer\u00f3bicas e anaer\u00f3bicas sens\u00edveis, piodermites e infec\u00e7\u00f5es dos tecidos moles, infec\u00e7\u00f5es do trato urin\u00e1rio, infec\u00e7\u00f5es respirat\u00f3rias, infec\u00e7\u00f5es do trato gastrointestinal, tais como as enterites.<\/p>\n<ul>\n<li>Indicado como preventivo de infec\u00e7\u00f5es no p\u00f3s-operat\u00f3rio<\/li>\n<li>Possu\u00ed Amoxicilina Triidatada<\/li>\n<li>A\u00e7\u00e3o contra bact\u00e9rias<\/li>\n<\/ul>\n","protected":false},"featured_media":839,"comment_status":"open","ping_status":"closed","template":"","meta":[],"product_brand":[],"product_cat":[399],"product_tag":[],"class_list":{"0":"post-809","1":"product","2":"type-product","3":"status-publish","4":"has-post-thumbnail","6":"product_cat-medicina-e-saude","8":"first","9":"instock","10":"shipping-taxable","11":"product-type-variable"},"_links":{"self":[{"href":"https:\/\/hvflorianopolis.com.br\/home\/wp-json\/wp\/v2\/product\/809","targetHints":{"allow":["GET"]}}],"collection":[{"href":"https:\/\/hvflorianopolis.com.br\/home\/wp-json\/wp\/v2\/product"}],"about":[{"href":"https:\/\/hvflorianopolis.com.br\/home\/wp-json\/wp\/v2\/types\/product"}],"replies":[{"embeddable":true,"href":"https:\/\/hvflorianopolis.com.br\/home\/wp-json\/wp\/v2\/comments?post=809"}],"wp:featuredmedia":[{"embeddable":true,"href":"https:\/\/hvflorianopolis.com.br\/home\/wp-json\/wp\/v2\/media\/839"}],"wp:attachment":[{"href":"https:\/\/hvflorianopolis.com.br\/home\/wp-json\/wp\/v2\/media?parent=809"}],"wp:term":[{"taxonomy":"product_brand","embeddable":true,"href":"https:\/\/hvflorianopolis.com.br\/home\/wp-json\/wp\/v2\/product_brand?post=809"},{"taxonomy":"product_cat","embeddable":true,"href":"https:\/\/hvflorianopolis.com.br\/home\/wp-json\/wp\/v2\/product_cat?post=809"},{"taxonomy":"product_tag","embeddable":true,"href":"https:\/\/hvflorianopolis.com.br\/home\/wp-json\/wp\/v2\/product_tag?post=809"}],"curies":[{"name":"wp","href":"https:\/\/api.w.org\/{rel}","templated":true}]}}