{"id":810,"date":"2025-02-25T10:29:58","date_gmt":"2025-02-25T13:29:58","guid":{"rendered":"https:\/\/hvflorianopolis.com.br\/home\/?post_type=product&#038;p=810"},"modified":"2025-02-25T10:30:43","modified_gmt":"2025-02-25T13:30:43","slug":"activyl-gatos-06kg-a-4kg-051ml-msd","status":"publish","type":"product","link":"https:\/\/hvflorianopolis.com.br\/home\/produto\/activyl-gatos-06kg-a-4kg-051ml-msd\/","title":{"rendered":"Activyl Gatos 0,6kg A 4kg (0,51ml) Msd"},"content":{"rendered":"<p><span style=\"font-weight: 400;\">O Antipulgas MSD Activyl 0,51 mL \u00e9 indicado no tratamento e preven\u00e7\u00e3o de infesta\u00e7\u00f5es causadas por pulgas. O produto pode ser utilizado como parte de um esquema de tratamento de dermatite al\u00e9rgica \u00e0 picada de pulga (DAPP). As pulgas em est\u00e1gio de desenvolvimento normalmente presentes nos ambientes onde vivem os animais de estima\u00e7\u00e3o, s\u00e3o mortas ap\u00f3s o contato com os animais tratados com Activyl. \u00c9 tamb\u00e9m o \u00fanico produto no mercado eficaz no tratamento contra pulgas em gatos com a tecnologia de bioativa\u00e7\u00e3o, na qual os animais s\u00e3o minimamente expostos ao ingrediente ativo. Ao contr\u00e1rio dos anti pulgas dispon\u00edveis, a a\u00e7\u00e3o inseticida de Activity acontece no interior da pulga, o que torna o produto ainda mais seguro para animais e propriet\u00e1rios.<\/span><\/p>\n<p><span style=\"font-weight: 400;\">* Consulte sempre o m\u00e9dico veterin\u00e1rio de sua confian\u00e7a para o uso apropriado deste medicamento. Leia a bula ou informa\u00e7\u00f5es descritas na embalagem.<\/span><\/p>\n","protected":false},"excerpt":{"rendered":"<ul>\n<li><span style=\"font-weight: 400;\">Indicado para uso em filhotes de c\u00e3es e gatos com mais de oito semanas de idade;<\/span><\/li>\n<li><span style=\"font-weight: 400;\">95% das pulgas adultas s\u00e3o mortas de 4 a 48 horas ap\u00f3s aplica\u00e7\u00e3o;<\/span><\/li>\n<li><span style=\"font-weight: 400;\">Mata pulgas adultas e controla a infesta\u00e7\u00e3o no ambiente;<\/span><\/li>\n<li><span style=\"font-weight: 400;\">Tecnologia de \u00faltima gera\u00e7\u00e3o dispon\u00edvel para o seu pet;<\/span><\/li>\n<li><span style=\"font-weight: 400;\">Mais eficaz que fipronil;<\/span><\/li>\n<li><span style=\"font-weight: 400;\">Excelentes resultados mesmo ap\u00f3s o banho;<\/span><\/li>\n<li><span style=\"font-weight: 400;\">N\u00e3o possui odor.<\/span><\/li>\n<\/ul>\n","protected":false},"featured_media":842,"comment_status":"open","ping_status":"closed","template":"","meta":[],"product_brand":[],"product_cat":[399],"product_tag":[],"class_list":{"0":"post-810","1":"product","2":"type-product","3":"status-publish","4":"has-post-thumbnail","6":"product_cat-medicina-e-saude","8":"first","9":"instock","10":"shipping-taxable","11":"purchasable","12":"product-type-simple"},"_links":{"self":[{"href":"https:\/\/hvflorianopolis.com.br\/home\/wp-json\/wp\/v2\/product\/810","targetHints":{"allow":["GET"]}}],"collection":[{"href":"https:\/\/hvflorianopolis.com.br\/home\/wp-json\/wp\/v2\/product"}],"about":[{"href":"https:\/\/hvflorianopolis.com.br\/home\/wp-json\/wp\/v2\/types\/product"}],"replies":[{"embeddable":true,"href":"https:\/\/hvflorianopolis.com.br\/home\/wp-json\/wp\/v2\/comments?post=810"}],"wp:featuredmedia":[{"embeddable":true,"href":"https:\/\/hvflorianopolis.com.br\/home\/wp-json\/wp\/v2\/media\/842"}],"wp:attachment":[{"href":"https:\/\/hvflorianopolis.com.br\/home\/wp-json\/wp\/v2\/media?parent=810"}],"wp:term":[{"taxonomy":"product_brand","embeddable":true,"href":"https:\/\/hvflorianopolis.com.br\/home\/wp-json\/wp\/v2\/product_brand?post=810"},{"taxonomy":"product_cat","embeddable":true,"href":"https:\/\/hvflorianopolis.com.br\/home\/wp-json\/wp\/v2\/product_cat?post=810"},{"taxonomy":"product_tag","embeddable":true,"href":"https:\/\/hvflorianopolis.com.br\/home\/wp-json\/wp\/v2\/product_tag?post=810"}],"curies":[{"name":"wp","href":"https:\/\/api.w.org\/{rel}","templated":true}]}}