{"id":812,"date":"2025-02-25T10:29:58","date_gmt":"2025-02-25T13:29:58","guid":{"rendered":"https:\/\/hvflorianopolis.com.br\/home\/?post_type=product&#038;p=812"},"modified":"2025-02-25T10:31:18","modified_gmt":"2025-02-25T13:31:18","slug":"antiparasitario-grantelm-4-comprimidos","status":"publish","type":"product","link":"https:\/\/hvflorianopolis.com.br\/home\/produto\/antiparasitario-grantelm-4-comprimidos\/","title":{"rendered":"Antiparasit\u00e1rio Grantelm 4 comprimidos"},"content":{"rendered":"<p><span style=\"font-weight: 400;\">O Antiparasit\u00e1rio <\/span><span style=\"font-weight: 400;\">Virbac<\/span><span style=\"font-weight: 400;\"> Grantelm para C\u00e3es \u00e9 indicado no tratamento e controle do parasitismo interno de c\u00e3es causados por nemat\u00f3deos (vermes redondos) e cest\u00f3deos (vermes chatos).<\/span><\/p>\n<ul>\n<li><span style=\"font-weight: 400;\">Indicado para c\u00e3es;<\/span><\/li>\n<li><span style=\"font-weight: 400;\">Antiparasit\u00e1rio interno para c\u00e3es;<\/span><\/li>\n<li><span style=\"font-weight: 400;\">Ajuda na preven\u00e7\u00e3o de zoonoses;<\/span><\/li>\n<li><span style=\"font-weight: 400;\">Elimina completamente todos os vermes intestinais.<\/span><\/li>\n<li><span style=\"font-weight: 400;\">Pode ser usado em f\u00eameas gestantes;<\/span><\/li>\n<li><span style=\"font-weight: 400;\">Embalagem dispon\u00edvel com 4 comprimidos.<\/span><\/li>\n<\/ul>\n<p><span style=\"font-weight: 400;\">* Consulte sempre o M\u00e9dico Veterin\u00e1rio de sua confian\u00e7a para o uso apropriado deste produto. Leia a bula ou informa\u00e7\u00f5es descritas na embalagem.<\/span><\/p>\n","protected":false},"excerpt":{"rendered":"<p><span style=\"font-weight: 400;\">O Antiparasit\u00e1rio <\/span><span style=\"font-weight: 400;\">Virbac<\/span><span style=\"font-weight: 400;\"> Grantelm para C\u00e3es \u00e9 indicado no tratamento e controle do parasitismo interno de c\u00e3es causados por nemat\u00f3deos (vermes redondos) e cest\u00f3deos (vermes chatos).<\/span><\/p>\n","protected":false},"featured_media":846,"comment_status":"open","ping_status":"closed","template":"","meta":[],"product_brand":[],"product_cat":[399],"product_tag":[],"class_list":{"0":"post-812","1":"product","2":"type-product","3":"status-publish","4":"has-post-thumbnail","6":"product_cat-medicina-e-saude","8":"first","9":"instock","10":"shipping-taxable","11":"purchasable","12":"product-type-simple"},"_links":{"self":[{"href":"https:\/\/hvflorianopolis.com.br\/home\/wp-json\/wp\/v2\/product\/812","targetHints":{"allow":["GET"]}}],"collection":[{"href":"https:\/\/hvflorianopolis.com.br\/home\/wp-json\/wp\/v2\/product"}],"about":[{"href":"https:\/\/hvflorianopolis.com.br\/home\/wp-json\/wp\/v2\/types\/product"}],"replies":[{"embeddable":true,"href":"https:\/\/hvflorianopolis.com.br\/home\/wp-json\/wp\/v2\/comments?post=812"}],"wp:featuredmedia":[{"embeddable":true,"href":"https:\/\/hvflorianopolis.com.br\/home\/wp-json\/wp\/v2\/media\/846"}],"wp:attachment":[{"href":"https:\/\/hvflorianopolis.com.br\/home\/wp-json\/wp\/v2\/media?parent=812"}],"wp:term":[{"taxonomy":"product_brand","embeddable":true,"href":"https:\/\/hvflorianopolis.com.br\/home\/wp-json\/wp\/v2\/product_brand?post=812"},{"taxonomy":"product_cat","embeddable":true,"href":"https:\/\/hvflorianopolis.com.br\/home\/wp-json\/wp\/v2\/product_cat?post=812"},{"taxonomy":"product_tag","embeddable":true,"href":"https:\/\/hvflorianopolis.com.br\/home\/wp-json\/wp\/v2\/product_tag?post=812"}],"curies":[{"name":"wp","href":"https:\/\/api.w.org\/{rel}","templated":true}]}}