{"id":815,"date":"2025-02-25T10:29:58","date_gmt":"2025-02-25T13:29:58","guid":{"rendered":"https:\/\/hvflorianopolis.com.br\/home\/?post_type=product&#038;p=815"},"modified":"2025-02-25T10:31:59","modified_gmt":"2025-02-25T13:31:59","slug":"antipulgas-virbac-effipro-para-gatos-com-1-kg-ou-mais","status":"publish","type":"product","link":"https:\/\/hvflorianopolis.com.br\/home\/produto\/antipulgas-virbac-effipro-para-gatos-com-1-kg-ou-mais\/","title":{"rendered":"Antipulgas Virbac Effipro para Gatos com 1 Kg ou mais"},"content":{"rendered":"<p>O\u00a0<strong>Antipulgas\u00a0Virbac\u00a0Effipro para Gatos com 1 Kg ou Mais\u00a0<\/strong>\u00e9 um inseticida e carrapaticida a base de fipronil, pertencente \u00e0 fam\u00edlia dos fenilpiraz\u00f3is. Atua inibindo o complexo do \u00e1cido gama-aminobut\u00edrico (GABA), bloqueando, deste modo, a transfer\u00eancia pr\u00e9 e p\u00f3s sin\u00e1ptica dos \u00edons de cloro com os canais de cloro atrav\u00e9s das membranas celulares. Isto resulta na atividade n\u00e3o controlada do sistema nervoso central e morte dos insetos e carrapatos.<\/p>\n","protected":false},"excerpt":{"rendered":"<p>O\u00a0<strong>Antipulgas\u00a0Virbac\u00a0Effipro para Gatos com 1 Kg ou Mais\u00a0<\/strong>\u00e9 um inseticida e carrapaticida a base de fipronil, pertencente \u00e0 fam\u00edlia dos fenilpiraz\u00f3is. Atua inibindo o complexo do \u00e1cido gama-aminobut\u00edrico (GABA), bloqueando, deste modo, a transfer\u00eancia pr\u00e9 e p\u00f3s sin\u00e1ptica dos \u00edons de cloro com os canais de cloro atrav\u00e9s das membranas celulares. Isto resulta na atividade n\u00e3o controlada do sistema nervoso central e morte dos insetos e carrapatos.<\/p>\n","protected":false},"featured_media":851,"comment_status":"open","ping_status":"closed","template":"","meta":[],"product_brand":[],"product_cat":[399],"product_tag":[],"class_list":{"0":"post-815","1":"product","2":"type-product","3":"status-publish","4":"has-post-thumbnail","6":"product_cat-medicina-e-saude","8":"first","9":"instock","10":"shipping-taxable","11":"purchasable","12":"product-type-simple"},"_links":{"self":[{"href":"https:\/\/hvflorianopolis.com.br\/home\/wp-json\/wp\/v2\/product\/815","targetHints":{"allow":["GET"]}}],"collection":[{"href":"https:\/\/hvflorianopolis.com.br\/home\/wp-json\/wp\/v2\/product"}],"about":[{"href":"https:\/\/hvflorianopolis.com.br\/home\/wp-json\/wp\/v2\/types\/product"}],"replies":[{"embeddable":true,"href":"https:\/\/hvflorianopolis.com.br\/home\/wp-json\/wp\/v2\/comments?post=815"}],"wp:featuredmedia":[{"embeddable":true,"href":"https:\/\/hvflorianopolis.com.br\/home\/wp-json\/wp\/v2\/media\/851"}],"wp:attachment":[{"href":"https:\/\/hvflorianopolis.com.br\/home\/wp-json\/wp\/v2\/media?parent=815"}],"wp:term":[{"taxonomy":"product_brand","embeddable":true,"href":"https:\/\/hvflorianopolis.com.br\/home\/wp-json\/wp\/v2\/product_brand?post=815"},{"taxonomy":"product_cat","embeddable":true,"href":"https:\/\/hvflorianopolis.com.br\/home\/wp-json\/wp\/v2\/product_cat?post=815"},{"taxonomy":"product_tag","embeddable":true,"href":"https:\/\/hvflorianopolis.com.br\/home\/wp-json\/wp\/v2\/product_tag?post=815"}],"curies":[{"name":"wp","href":"https:\/\/api.w.org\/{rel}","templated":true}]}}