{"id":816,"date":"2025-02-25T10:29:58","date_gmt":"2025-02-25T13:29:58","guid":{"rendered":"https:\/\/hvflorianopolis.com.br\/home\/?post_type=product&#038;p=816"},"modified":"2025-02-25T10:32:20","modified_gmt":"2025-02-25T13:32:20","slug":"auritec-locao-100ml","status":"publish","type":"product","link":"https:\/\/hvflorianopolis.com.br\/home\/produto\/auritec-locao-100ml\/","title":{"rendered":"Auritec Lo\u00e7\u00e3o 100ml"},"content":{"rendered":"<p><span style=\"font-weight: 400;\">A Lo\u00e7\u00e3o para Higiene do Conduto Auditivio para C\u00e3es e Gatos Auritec Syntec \u00e9 uma solu\u00e7\u00e3o indicada na higieniza\u00e7\u00e3o do conduto auditivo de c\u00e3es e gatos, cont\u00e9m subst\u00e2ncias que facilitam a remo\u00e7\u00e3o do cer\u00famen. Solu\u00e7\u00e3o indicada na higieniza\u00e7\u00e3o do conduto auditivo de c\u00e3es e gatos. Cont\u00e9m subst\u00e2ncias que facilitam a remo\u00e7\u00e3o do cer\u00famen.<\/span><\/p>\n<ul>\n<li><span style=\"font-weight: 400;\">Indicada para c\u00e3es e gatos<\/span><\/li>\n<li><span style=\"font-weight: 400;\">Facilita a remo\u00e7\u00e3o do cer\u00famen<\/span><\/li>\n<li><span style=\"font-weight: 400;\">PRODUTO ORIGINAL<\/span><\/li>\n<\/ul>\n","protected":false},"excerpt":{"rendered":"<p><span style=\"font-weight: 400;\">A Lo\u00e7\u00e3o para Higiene do Conduto Auditivio para C\u00e3es e Gatos Auritec Syntec \u00e9 uma solu\u00e7\u00e3o indicada na higieniza\u00e7\u00e3o do conduto auditivo de c\u00e3es e gatos, cont\u00e9m subst\u00e2ncias que facilitam a remo\u00e7\u00e3o do cer\u00famen. Solu\u00e7\u00e3o indicada na higieniza\u00e7\u00e3o do conduto auditivo de c\u00e3es e gatos. Cont\u00e9m subst\u00e2ncias que facilitam a remo\u00e7\u00e3o do cer\u00famen.<\/span><\/p>\n","protected":false},"featured_media":854,"comment_status":"open","ping_status":"closed","template":"","meta":[],"product_brand":[],"product_cat":[399],"product_tag":[],"class_list":{"0":"post-816","1":"product","2":"type-product","3":"status-publish","4":"has-post-thumbnail","6":"product_cat-medicina-e-saude","8":"first","9":"instock","10":"shipping-taxable","11":"purchasable","12":"product-type-simple"},"_links":{"self":[{"href":"https:\/\/hvflorianopolis.com.br\/home\/wp-json\/wp\/v2\/product\/816","targetHints":{"allow":["GET"]}}],"collection":[{"href":"https:\/\/hvflorianopolis.com.br\/home\/wp-json\/wp\/v2\/product"}],"about":[{"href":"https:\/\/hvflorianopolis.com.br\/home\/wp-json\/wp\/v2\/types\/product"}],"replies":[{"embeddable":true,"href":"https:\/\/hvflorianopolis.com.br\/home\/wp-json\/wp\/v2\/comments?post=816"}],"wp:featuredmedia":[{"embeddable":true,"href":"https:\/\/hvflorianopolis.com.br\/home\/wp-json\/wp\/v2\/media\/854"}],"wp:attachment":[{"href":"https:\/\/hvflorianopolis.com.br\/home\/wp-json\/wp\/v2\/media?parent=816"}],"wp:term":[{"taxonomy":"product_brand","embeddable":true,"href":"https:\/\/hvflorianopolis.com.br\/home\/wp-json\/wp\/v2\/product_brand?post=816"},{"taxonomy":"product_cat","embeddable":true,"href":"https:\/\/hvflorianopolis.com.br\/home\/wp-json\/wp\/v2\/product_cat?post=816"},{"taxonomy":"product_tag","embeddable":true,"href":"https:\/\/hvflorianopolis.com.br\/home\/wp-json\/wp\/v2\/product_tag?post=816"}],"curies":[{"name":"wp","href":"https:\/\/api.w.org\/{rel}","templated":true}]}}