{"id":818,"date":"2025-02-25T10:29:59","date_gmt":"2025-02-25T13:29:59","guid":{"rendered":"https:\/\/hvflorianopolis.com.br\/home\/?post_type=product&#038;p=818"},"modified":"2025-02-25T10:32:48","modified_gmt":"2025-02-25T13:32:48","slug":"antipulgas-e-carrapatos-bravecto-para-caes-de-45-a-10-kg","status":"publish","type":"product","link":"https:\/\/hvflorianopolis.com.br\/home\/produto\/antipulgas-e-carrapatos-bravecto-para-caes-de-45-a-10-kg\/","title":{"rendered":"Antipulgas e Carrapatos Bravecto para C\u00e3es de 4,5 a 10 Kg"},"content":{"rendered":"<p><span style=\"font-weight: 400;\">O Antipulgas e Carrapatos MSD <\/span><span style=\"font-weight: 400;\">Bravecto<\/span><span style=\"font-weight: 400;\"> para C\u00e3es de 4,5 a 10 Kg \u00e9 um primeiro comprimido mastig\u00e1vel, indicado para o tratamento de infesta\u00e7\u00f5es por carrapatos e pulgas, em cachorros, proporcionando 12 semanas de prote\u00e7\u00e3o. \u00c9 um inseticida e acaricida, sist\u00eamico com longa dura\u00e7\u00e3o de a\u00e7\u00e3o, que promove efic\u00e1cia imediata e persistente por 12 semanas contra carrapatos (formas adultas e jovens de ixodes ricinus, ixodes hexagonus, ixodes holocyclus, Ixodes scapularis dermacentor reticulatus, dermacentor variabilis e rhipicephalus sanguineus) e pulgas (ctenocephalides felis e ctenocephalides canis). Pulgas e carrapatos devem estar aderidos ao cachorro, e j\u00e1 tendo iniciado a alimenta\u00e7\u00e3o para serem expostos ao princ\u00edpio ativo. O in\u00edcio da a\u00e7\u00e3o \u00e9 r\u00e1pida dentro de 8 horas para pulgas e 12 horas para carrapatos. O produto pode ser utilizado como parte de uma estrat\u00e9gia de tratamento para a dermatite al\u00e9rgica \u00e0 picada de pulgas.<\/span><\/p>\n<ul>\n<li><span style=\"font-weight: 400;\">O \u00fanico que pode eliminar carrapatos e pulgas da sua casa e do seu pet com 1 \u00fanica dose, durante 12 semanas;<\/span><\/li>\n<li><span style=\"font-weight: 400;\">R\u00e1pido in\u00edcio de a\u00e7\u00e3o e efic\u00e1cia persistente;<\/span><\/li>\n<li><span style=\"font-weight: 400;\">Elimina\u00e7\u00e3o de pulgas e carrapatos em 8 horas e 12 horas, respectivamente;<\/span><\/li>\n<li><span style=\"font-weight: 400;\">F\u00e1cil administra\u00e7\u00e3o;<\/span><\/li>\n<li><span style=\"font-weight: 400;\">Banhos podem ser frequentes pois n\u00e3o sa\u00ed com \u00e1gua;<\/span><\/li>\n<li><span style=\"font-weight: 400;\">A\u00e7\u00e3o sist\u00eamica: efic\u00e1cia uniforme por todo o corpo do c\u00e3o, n\u00e3o havendo interfer\u00eancia de banhos;<\/span><\/li>\n<li><span style=\"font-weight: 400;\">Indicado para c\u00e3es a partir de 08 semanas de idade e 2kg de peso;<\/span><\/li>\n<li><span style=\"font-weight: 400;\">\u00danico com seguran\u00e7a comprovada para reprodutores, cadelas gestantes e lactantes;<\/span><\/li>\n<li><span style=\"font-weight: 400;\">Sabor de f\u00edgado su\u00edno.<\/span><\/li>\n<\/ul>\n<p><span style=\"font-weight: 400;\">* Consulte sempre o M\u00e9dico Veterin\u00e1rio de sua confian\u00e7a para o uso apropriado deste produto. Leia a bula ou informa\u00e7\u00f5es descritas na embalagem.<\/span><\/p>\n","protected":false},"excerpt":{"rendered":"<p><span style=\"font-weight: 400;\">O Antipulgas e Carrapatos MSD <\/span><span style=\"font-weight: 400;\">Bravecto<\/span><span style=\"font-weight: 400;\"> para C\u00e3es de 4,5 a 10 Kg \u00e9 um primeiro comprimido mastig\u00e1vel, indicado para o tratamento de infesta\u00e7\u00f5es por carrapatos e pulgas, em cachorros, proporcionando 12 semanas de prote\u00e7\u00e3o.<\/span><\/p>\n","protected":false},"featured_media":858,"comment_status":"open","ping_status":"closed","template":"","meta":[],"product_brand":[],"product_cat":[399],"product_tag":[],"class_list":{"0":"post-818","1":"product","2":"type-product","3":"status-publish","4":"has-post-thumbnail","6":"product_cat-medicina-e-saude","8":"first","9":"outofstock","10":"shipping-taxable","11":"purchasable","12":"product-type-simple"},"_links":{"self":[{"href":"https:\/\/hvflorianopolis.com.br\/home\/wp-json\/wp\/v2\/product\/818","targetHints":{"allow":["GET"]}}],"collection":[{"href":"https:\/\/hvflorianopolis.com.br\/home\/wp-json\/wp\/v2\/product"}],"about":[{"href":"https:\/\/hvflorianopolis.com.br\/home\/wp-json\/wp\/v2\/types\/product"}],"replies":[{"embeddable":true,"href":"https:\/\/hvflorianopolis.com.br\/home\/wp-json\/wp\/v2\/comments?post=818"}],"wp:featuredmedia":[{"embeddable":true,"href":"https:\/\/hvflorianopolis.com.br\/home\/wp-json\/wp\/v2\/media\/858"}],"wp:attachment":[{"href":"https:\/\/hvflorianopolis.com.br\/home\/wp-json\/wp\/v2\/media?parent=818"}],"wp:term":[{"taxonomy":"product_brand","embeddable":true,"href":"https:\/\/hvflorianopolis.com.br\/home\/wp-json\/wp\/v2\/product_brand?post=818"},{"taxonomy":"product_cat","embeddable":true,"href":"https:\/\/hvflorianopolis.com.br\/home\/wp-json\/wp\/v2\/product_cat?post=818"},{"taxonomy":"product_tag","embeddable":true,"href":"https:\/\/hvflorianopolis.com.br\/home\/wp-json\/wp\/v2\/product_tag?post=818"}],"curies":[{"name":"wp","href":"https:\/\/api.w.org\/{rel}","templated":true}]}}