{"id":821,"date":"2025-02-25T10:29:59","date_gmt":"2025-02-25T13:29:59","guid":{"rendered":"https:\/\/hvflorianopolis.com.br\/home\/?post_type=product&#038;p=821"},"modified":"2025-02-25T10:33:39","modified_gmt":"2025-02-25T13:33:39","slug":"suplemento-alimentar-caninus-protein","status":"publish","type":"product","link":"https:\/\/hvflorianopolis.com.br\/home\/produto\/suplemento-alimentar-caninus-protein\/","title":{"rendered":"Suplemento Alimentar Caninu&#8217;s Protein"},"content":{"rendered":"<p><span style=\"font-weight: 400;\">O Suplemento Alimentar <\/span><span style=\"font-weight: 400;\">Avert<\/span><span style=\"font-weight: 400;\"> Caninus Protein \u00e9 rico em energia e prote\u00ednas de alto valor biol\u00f3gico, indicado para c\u00e3es em qualquer idade.<\/span><\/p>\n<ul>\n<li><span style=\"font-weight: 400;\">Indicado para c\u00e3es;<\/span><\/li>\n<li><span style=\"font-weight: 400;\">Feito com \u00f4mega 3, 6, whey protein, albumina e case\u00edna;<\/span><\/li>\n<li><span style=\"font-weight: 400;\">Com amino\u00e1cidos essenciais, vitaminas e minerais quelatados.<\/span><\/li>\n<\/ul>\n<p><span style=\"font-weight: 400;\">* Consulte sempre o M\u00e9dico Veterin\u00e1rio de sua confian\u00e7a para o uso apropriado deste produto. Leia a bula ou informa\u00e7\u00f5es descritas na embalagem.<\/span><\/p>\n","protected":false},"excerpt":{"rendered":"<p><span style=\"font-weight: 400;\">O Suplemento Alimentar <\/span><span style=\"font-weight: 400;\">Avert<\/span><span style=\"font-weight: 400;\"> Caninus Protein \u00e9 rico em energia e prote\u00ednas de alto valor biol\u00f3gico, indicado para c\u00e3es em qualquer idade.<\/span><\/p>\n","protected":false},"featured_media":864,"comment_status":"open","ping_status":"closed","template":"","meta":[],"product_brand":[],"product_cat":[399],"product_tag":[],"class_list":{"0":"post-821","1":"product","2":"type-product","3":"status-publish","4":"has-post-thumbnail","6":"product_cat-medicina-e-saude","8":"first","9":"instock","10":"shipping-taxable","11":"purchasable","12":"product-type-simple"},"_links":{"self":[{"href":"https:\/\/hvflorianopolis.com.br\/home\/wp-json\/wp\/v2\/product\/821","targetHints":{"allow":["GET"]}}],"collection":[{"href":"https:\/\/hvflorianopolis.com.br\/home\/wp-json\/wp\/v2\/product"}],"about":[{"href":"https:\/\/hvflorianopolis.com.br\/home\/wp-json\/wp\/v2\/types\/product"}],"replies":[{"embeddable":true,"href":"https:\/\/hvflorianopolis.com.br\/home\/wp-json\/wp\/v2\/comments?post=821"}],"wp:featuredmedia":[{"embeddable":true,"href":"https:\/\/hvflorianopolis.com.br\/home\/wp-json\/wp\/v2\/media\/864"}],"wp:attachment":[{"href":"https:\/\/hvflorianopolis.com.br\/home\/wp-json\/wp\/v2\/media?parent=821"}],"wp:term":[{"taxonomy":"product_brand","embeddable":true,"href":"https:\/\/hvflorianopolis.com.br\/home\/wp-json\/wp\/v2\/product_brand?post=821"},{"taxonomy":"product_cat","embeddable":true,"href":"https:\/\/hvflorianopolis.com.br\/home\/wp-json\/wp\/v2\/product_cat?post=821"},{"taxonomy":"product_tag","embeddable":true,"href":"https:\/\/hvflorianopolis.com.br\/home\/wp-json\/wp\/v2\/product_tag?post=821"}],"curies":[{"name":"wp","href":"https:\/\/api.w.org\/{rel}","templated":true}]}}