{"id":822,"date":"2025-02-25T10:29:59","date_gmt":"2025-02-25T13:29:59","guid":{"rendered":"https:\/\/hvflorianopolis.com.br\/home\/?post_type=product&#038;p=822"},"modified":"2025-02-25T10:33:51","modified_gmt":"2025-02-25T13:33:51","slug":"anti-inflamatorio-carproflan-25-mg","status":"publish","type":"product","link":"https:\/\/hvflorianopolis.com.br\/home\/produto\/anti-inflamatorio-carproflan-25-mg\/","title":{"rendered":"Anti-inflamat\u00f3rio Carproflan 25 mg"},"content":{"rendered":"<p><span style=\"font-weight: 400;\">Desenvolvido Especialmente Para C\u00e3es Que Sofrem De Dores Decorrentes De Processos Inflamat\u00f3rios.<\/span><\/p>\n<p><span style=\"font-weight: 400;\">O Princ\u00edpio Ativo Do Produto \u00c9 Considerado Refer\u00eancia Para A Determina\u00e7\u00e3o Da A\u00e7\u00e3o Anti-Inflamat\u00f3ria E Pode Ser Utilizado Com Seguran\u00e7a, Sem Provocar Efeitos Colaterais.<\/span><\/p>\n<ul>\n<li><span style=\"font-weight: 400;\">Indicado para c\u00e3es;<\/span><\/li>\n<li><span style=\"font-weight: 400;\">Anti-inflamat\u00f3rio e analg\u00e9sico para os pets;<\/span><\/li>\n<li><span style=\"font-weight: 400;\">Auxilia no al\u00edvio de dores decorrentes de processos inflamat\u00f3rios;<\/span><\/li>\n<li><span style=\"font-weight: 400;\">Excelente efeito em processos degenerativos das articula\u00e7\u00f5es e em neoplasias;<\/span><\/li>\n<li><span style=\"font-weight: 400;\">R\u00e1pida a\u00e7\u00e3o e seguran\u00e7a no uso prolongado,<\/span><\/li>\n<li><span style=\"font-weight: 400;\">A embalagem cont\u00e9m 14 comprimidos palat\u00e1veis.<\/span><\/li>\n<\/ul>\n<p>Caixa com 14 comprimidos<\/p>\n","protected":false},"excerpt":{"rendered":"<p><span style=\"font-weight: 400;\">Desenvolvido Especialmente Para C\u00e3es Que Sofrem De Dores Decorrentes De Processos Inflamat\u00f3rios.<\/span><\/p>\n<p><span style=\"font-weight: 400;\">O Princ\u00edpio Ativo Do Produto \u00c9 Considerado Refer\u00eancia Para A Determina\u00e7\u00e3o Da A\u00e7\u00e3o Anti-Inflamat\u00f3ria E Pode Ser Utilizado Com Seguran\u00e7a, Sem Provocar Efeitos Colaterais.<\/span><\/p>\n","protected":false},"featured_media":865,"comment_status":"open","ping_status":"closed","template":"","meta":[],"product_brand":[],"product_cat":[399],"product_tag":[],"class_list":{"0":"post-822","1":"product","2":"type-product","3":"status-publish","4":"has-post-thumbnail","6":"product_cat-medicina-e-saude","8":"first","9":"instock","10":"shipping-taxable","11":"purchasable","12":"product-type-simple"},"_links":{"self":[{"href":"https:\/\/hvflorianopolis.com.br\/home\/wp-json\/wp\/v2\/product\/822","targetHints":{"allow":["GET"]}}],"collection":[{"href":"https:\/\/hvflorianopolis.com.br\/home\/wp-json\/wp\/v2\/product"}],"about":[{"href":"https:\/\/hvflorianopolis.com.br\/home\/wp-json\/wp\/v2\/types\/product"}],"replies":[{"embeddable":true,"href":"https:\/\/hvflorianopolis.com.br\/home\/wp-json\/wp\/v2\/comments?post=822"}],"wp:featuredmedia":[{"embeddable":true,"href":"https:\/\/hvflorianopolis.com.br\/home\/wp-json\/wp\/v2\/media\/865"}],"wp:attachment":[{"href":"https:\/\/hvflorianopolis.com.br\/home\/wp-json\/wp\/v2\/media?parent=822"}],"wp:term":[{"taxonomy":"product_brand","embeddable":true,"href":"https:\/\/hvflorianopolis.com.br\/home\/wp-json\/wp\/v2\/product_brand?post=822"},{"taxonomy":"product_cat","embeddable":true,"href":"https:\/\/hvflorianopolis.com.br\/home\/wp-json\/wp\/v2\/product_cat?post=822"},{"taxonomy":"product_tag","embeddable":true,"href":"https:\/\/hvflorianopolis.com.br\/home\/wp-json\/wp\/v2\/product_tag?post=822"}],"curies":[{"name":"wp","href":"https:\/\/api.w.org\/{rel}","templated":true}]}}